{"id":20,"date":"2023-05-30T08:23:13","date_gmt":"2023-05-30T08:23:13","guid":{"rendered":"https:\/\/yes.bf\/?page_id=20"},"modified":"2023-06-02T06:56:08","modified_gmt":"2023-06-02T06:56:08","slug":"how-it-started","status":"publish","type":"page","link":"https:\/\/yes.bf\/fr\/how-it-started\/","title":{"rendered":"A Propos de Nous"},"content":{"rendered":"<div data-elementor-type=\"wp-page\" data-elementor-id=\"20\" class=\"elementor elementor-20\" data-elementor-post-type=\"page\">\n\t\t\t\t<div class=\"elementor-element elementor-element-63f51f92 e-flex e-con-boxed e-con e-parent\" data-id=\"63f51f92\" data-element_type=\"container\">\n\t\t\t\t\t<div class=\"e-con-inner\">\n\t\t<div class=\"elementor-element elementor-element-5acb4550 e-con-full e-flex e-con e-parent\" data-id=\"5acb4550\" data-element_type=\"container\">\n\t\t\t\t<div class=\"elementor-element elementor-element-4dcba779 elementor-widget elementor-widget-image-carousel\" data-id=\"4dcba779\" data-element_type=\"widget\" data-settings=\"{&quot;slides_to_show&quot;:&quot;1&quot;,&quot;navigation&quot;:&quot;none&quot;,&quot;effect&quot;:&quot;fade&quot;,&quot;autoplay&quot;:&quot;yes&quot;,&quot;pause_on_hover&quot;:&quot;yes&quot;,&quot;pause_on_interaction&quot;:&quot;yes&quot;,&quot;autoplay_speed&quot;:5000,&quot;infinite&quot;:&quot;yes&quot;,&quot;speed&quot;:500}\" data-widget_type=\"image-carousel.default\">\n\t\t\t\t<div class=\"elementor-widget-container\">\n\t\t\t\t\t\t\t<div class=\"elementor-image-carousel-wrapper swiper\" role=\"region\" aria-roledescription=\"carousel\" aria-label=\"Image Carousel\" dir=\"ltr\">\n\t\t\t<div class=\"elementor-image-carousel swiper-wrapper\" aria-live=\"off\">\n\t\t\t\t\t\t\t\t<div class=\"swiper-slide\" role=\"group\" aria-roledescription=\"slide\" aria-label=\"1 of 10\"><figure class=\"swiper-slide-inner\"><img decoding=\"async\" class=\"swiper-slide-image\" src=\"https:\/\/yes.bf\/wp-content\/uploads\/2022\/08\/Slide2-01.jpg\" alt=\"\" \/><\/figure><\/div><div class=\"swiper-slide\" role=\"group\" aria-roledescription=\"slide\" aria-label=\"2 of 10\"><figure class=\"swiper-slide-inner\"><img decoding=\"async\" class=\"swiper-slide-image\" src=\"https:\/\/yes.bf\/wp-content\/uploads\/2022\/08\/Slide3-01.jpg\" alt=\"\" \/><\/figure><\/div><div class=\"swiper-slide\" role=\"group\" aria-roledescription=\"slide\" aria-label=\"3 of 10\"><figure class=\"swiper-slide-inner\"><img decoding=\"async\" class=\"swiper-slide-image\" src=\"https:\/\/yes.bf\/wp-content\/uploads\/2022\/08\/Slide4-01.jpg\" alt=\"\" \/><\/figure><\/div><div class=\"swiper-slide\" role=\"group\" aria-roledescription=\"slide\" aria-label=\"4 of 10\"><figure class=\"swiper-slide-inner\"><img decoding=\"async\" class=\"swiper-slide-image\" src=\"https:\/\/yes.bf\/wp-content\/uploads\/2022\/08\/Slide5-01.jpg\" alt=\"\" \/><\/figure><\/div><div class=\"swiper-slide\" role=\"group\" aria-roledescription=\"slide\" aria-label=\"5 of 10\"><figure class=\"swiper-slide-inner\"><img decoding=\"async\" class=\"swiper-slide-image\" src=\"https:\/\/yes.bf\/wp-content\/uploads\/2022\/08\/Slide6-01.jpg\" alt=\"\" \/><\/figure><\/div><div class=\"swiper-slide\" role=\"group\" aria-roledescription=\"slide\" aria-label=\"6 of 10\"><figure class=\"swiper-slide-inner\"><img decoding=\"async\" class=\"swiper-slide-image\" src=\"https:\/\/yes.bf\/wp-content\/uploads\/2022\/08\/Slide7-01.jpg\" alt=\"\" \/><\/figure><\/div><div class=\"swiper-slide\" role=\"group\" aria-roledescription=\"slide\" aria-label=\"7 of 10\"><figure class=\"swiper-slide-inner\"><img decoding=\"async\" class=\"swiper-slide-image\" src=\"https:\/\/yes.bf\/wp-content\/uploads\/2022\/08\/Slide8-01.jpg\" alt=\"\" \/><\/figure><\/div><div class=\"swiper-slide\" role=\"group\" aria-roledescription=\"slide\" aria-label=\"8 of 10\"><figure class=\"swiper-slide-inner\"><img decoding=\"async\" class=\"swiper-slide-image\" src=\"https:\/\/yes.bf\/wp-content\/uploads\/2022\/08\/Slide9-01.jpg\" alt=\"\" \/><\/figure><\/div><div class=\"swiper-slide\" role=\"group\" aria-roledescription=\"slide\" aria-label=\"9 of 10\"><figure class=\"swiper-slide-inner\"><img decoding=\"async\" class=\"swiper-slide-image\" src=\"https:\/\/yes.bf\/wp-content\/uploads\/2022\/08\/Slide10-01.jpg\" alt=\"\" \/><\/figure><\/div><div class=\"swiper-slide\" role=\"group\" aria-roledescription=\"slide\" aria-label=\"10 of 10\"><figure class=\"swiper-slide-inner\"><img decoding=\"async\" class=\"swiper-slide-image\" src=\"https:\/\/yes.bf\/wp-content\/uploads\/2022\/08\/Slide11-01.jpg\" alt=\"\" \/><\/figure><\/div>\t\t\t<\/div>\n\t\t\t\t\t\t\t\n\t\t\t\t\t\t\t\t\t<\/div>\n\t\t\t\t\t\t<\/div>\n\t\t\t\t<\/div>\n\t\t<div class=\"elementor-element elementor-element-18a0f893 e-grid e-con-boxed e-con e-parent\" data-id=\"18a0f893\" data-element_type=\"container\">\n\t\t\t\t\t<div class=\"e-con-inner\">\n\t\t\t\t<div class=\"elementor-element elementor-element-7d5e926c elementor--h-position-center elementor--v-position-middle elementor-widget elementor-widget-slides\" data-id=\"7d5e926c\" data-element_type=\"widget\" data-settings=\"{&quot;navigation&quot;:&quot;none&quot;,&quot;autoplay&quot;:&quot;yes&quot;,&quot;pause_on_hover&quot;:&quot;yes&quot;,&quot;pause_on_interaction&quot;:&quot;yes&quot;,&quot;autoplay_speed&quot;:5000,&quot;infinite&quot;:&quot;yes&quot;,&quot;transition&quot;:&quot;slide&quot;,&quot;transition_speed&quot;:500}\" data-widget_type=\"slides.default\">\n\t\t\t\t<div class=\"elementor-widget-container\">\n\t\t\t\t\t\t\t\t\t<div class=\"elementor-swiper\">\n\t\t\t\t\t<div class=\"elementor-slides-wrapper elementor-main-swiper swiper\" role=\"region\" aria-roledescription=\"carousel\" aria-label=\"Slides\" dir=\"ltr\" data-animation=\"fadeInUp\">\n\t\t\t\t<div class=\"swiper-wrapper elementor-slides\">\n\t\t\t\t\t\t\t\t\t\t<div class=\"elementor-repeater-item-5ef040d swiper-slide\" role=\"group\" aria-roledescription=\"slide\"><div class=\"swiper-slide-bg\" role=\"img\"><\/div><div class=\"swiper-slide-inner\" ><div class=\"swiper-slide-contents\"><div class=\"elementor-slide-heading\">Depuis 2009<\/div><\/div><\/div><\/div><div class=\"elementor-repeater-item-002f04e swiper-slide\" role=\"group\" aria-roledescription=\"slide\"><div class=\"swiper-slide-bg\" role=\"img\"><\/div><div class=\"swiper-slide-inner\" ><div class=\"swiper-slide-contents\"><div class=\"elementor-slide-heading\">690 Diplom\u00e9s<\/div><\/div><\/div><\/div><div class=\"elementor-repeater-item-4a5b182 swiper-slide\" role=\"group\" aria-roledescription=\"slide\"><div class=\"swiper-slide-bg\" role=\"img\"><\/div><div class=\"swiper-slide-inner\" ><div class=\"swiper-slide-contents\"><div class=\"elementor-slide-heading\">532 Employ\u00e9s<\/div><\/div><\/div><\/div>\t\t\t\t<\/div>\n\t\t\t\t\t\t\t\t\t\t\t\t\t\t\t\t\t\t\t\t\t<\/div>\n\t\t\t\t<\/div>\n\t\t\t\t\t\t\t\t<\/div>\n\t\t\t\t<\/div>\n\t\t\t\t<div class=\"elementor-element elementor-element-2939fdf0 elementor-widget elementor-widget-image\" data-id=\"2939fdf0\" data-element_type=\"widget\" data-widget_type=\"image.default\">\n\t\t\t\t<div class=\"elementor-widget-container\">\n\t\t\t\t\t\t\t\t\t\t\t\t\t\t\t<img decoding=\"async\" width=\"319\" height=\"126\" src=\"https:\/\/yes.bf\/wp-content\/uploads\/2023\/06\/Former-04.png\" class=\"attachment-large size-large wp-image-312\" alt=\"\" srcset=\"https:\/\/yes.bf\/wp-content\/uploads\/2023\/06\/Former-04.png 319w, https:\/\/yes.bf\/wp-content\/uploads\/2023\/06\/Former-04-300x118.png 300w, https:\/\/yes.bf\/wp-content\/uploads\/2023\/06\/Former-04-18x7.png 18w\" sizes=\"(max-width: 319px) 100vw, 319px\" \/>\t\t\t\t\t\t\t\t\t\t\t\t\t\t\t<\/div>\n\t\t\t\t<\/div>\n\t\t\t\t\t<\/div>\n\t\t\t\t<\/div>\n\t\t<div class=\"elementor-element elementor-element-5f68d100 e-flex e-con-boxed e-con e-parent\" data-id=\"5f68d100\" data-element_type=\"container\">\n\t\t\t\t\t<div class=\"e-con-inner\">\n\t\t\t\t<div class=\"elementor-element elementor-element-1e5118e5 elementor-widget elementor-widget-heading\" data-id=\"1e5118e5\" data-element_type=\"widget\" data-widget_type=\"heading.default\">\n\t\t\t\t<div class=\"elementor-widget-container\">\n\t\t\t\t\t<h2 class=\"elementor-heading-title elementor-size-default\">Laissez-vous Inspirer<\/h2>\t\t\t\t<\/div>\n\t\t\t\t<\/div>\n\t\t\t\t<div class=\"elementor-element elementor-element-6cc556d4 elementor-grid-2 elementor-grid-tablet-2 elementor-grid-mobile-1 elementor-posts--thumbnail-top elementor-card-shadow-yes elementor-posts__hover-gradient elementor-widget elementor-widget-posts\" data-id=\"6cc556d4\" data-element_type=\"widget\" data-settings=\"{&quot;cards_columns&quot;:&quot;2&quot;,&quot;pagination_type&quot;:&quot;numbers&quot;,&quot;cards_columns_tablet&quot;:&quot;2&quot;,&quot;cards_columns_mobile&quot;:&quot;1&quot;,&quot;cards_row_gap&quot;:{&quot;unit&quot;:&quot;px&quot;,&quot;size&quot;:35,&quot;sizes&quot;:[]},&quot;cards_row_gap_tablet&quot;:{&quot;unit&quot;:&quot;px&quot;,&quot;size&quot;:&quot;&quot;,&quot;sizes&quot;:[]},&quot;cards_row_gap_mobile&quot;:{&quot;unit&quot;:&quot;px&quot;,&quot;size&quot;:&quot;&quot;,&quot;sizes&quot;:[]}}\" data-widget_type=\"posts.cards\">\n\t\t\t\t<div class=\"elementor-widget-container\">\n\t\t\t\t\t\t\t<div class=\"elementor-posts-container elementor-posts elementor-posts--skin-cards elementor-grid\" role=\"list\">\n\t\t\t\t<article class=\"elementor-post elementor-grid-item post-1164 post type-post status-publish format-standard has-post-thumbnail hentry category-skills-development\" role=\"listitem\">\n\t\t\t<div class=\"elementor-post__card\">\n\t\t\t\t<a class=\"elementor-post__thumbnail__link\" href=\"https:\/\/yes.bf\/fr\/cfpc-shines-again-in-cqp-exams-with-100-success-rate\/\" tabindex=\"-1\" ><div class=\"elementor-post__thumbnail\"><img fetchpriority=\"high\" decoding=\"async\" width=\"300\" height=\"200\" src=\"https:\/\/yes.bf\/wp-content\/uploads\/2024\/06\/Folio2-01-300x200.jpg\" class=\"attachment-medium size-medium wp-image-1162\" alt=\"\" srcset=\"https:\/\/yes.bf\/wp-content\/uploads\/2024\/06\/Folio2-01-300x200.jpg 300w, https:\/\/yes.bf\/wp-content\/uploads\/2024\/06\/Folio2-01-1024x683.jpg 1024w, https:\/\/yes.bf\/wp-content\/uploads\/2024\/06\/Folio2-01-768x512.jpg 768w, https:\/\/yes.bf\/wp-content\/uploads\/2024\/06\/Folio2-01-18x12.jpg 18w, https:\/\/yes.bf\/wp-content\/uploads\/2024\/06\/Folio2-01.jpg 1080w\" sizes=\"(max-width: 300px) 100vw, 300px\" \/><\/div><\/a>\n\t\t\t\t<div class=\"elementor-post__text\">\n\t\t\t\t<h3 class=\"elementor-post__title\">\n\t\t\t<a href=\"https:\/\/yes.bf\/fr\/cfpc-shines-again-in-cqp-exams-with-100-success-rate\/\" >\n\t\t\t\tLe CFPC Brille Encore  aux Examens du CQP avec un Taux de R\u00e9ussite de 100%\t\t\t<\/a>\n\t\t<\/h3>\n\t\t\n\t\t<a class=\"elementor-post__read-more\" href=\"https:\/\/yes.bf\/fr\/cfpc-shines-again-in-cqp-exams-with-100-success-rate\/\" aria-label=\"En savoir plus sur CFPC Shines Again in CQP Exams with 100% Success Rate\" tabindex=\"-1\" >\n\t\t\tRead the awesome story \u00bb\t\t<\/a>\n\n\t\t\t\t<\/div>\n\t\t\t\t<div class=\"elementor-post__meta-data\">\n\t\t\t\t\t<span class=\"elementor-post-date\">\n\t\t\t25 Juin, 2024\t\t<\/span>\n\t\t\t\t<\/div>\n\t\t\t\t\t<\/div>\n\t\t<\/article>\n\t\t\t\t<article class=\"elementor-post elementor-grid-item post-1140 post type-post status-publish format-standard has-post-thumbnail hentry category-skills-development\" role=\"listitem\">\n\t\t\t<div class=\"elementor-post__card\">\n\t\t\t\t<a class=\"elementor-post__thumbnail__link\" href=\"https:\/\/yes.bf\/fr\/cfpc-and-students-volunteer-to-repair-nabrabogos-csps-amid-rainy-season-challenges\/\" tabindex=\"-1\" ><div class=\"elementor-post__thumbnail\"><img decoding=\"async\" width=\"300\" height=\"200\" src=\"https:\/\/yes.bf\/wp-content\/uploads\/2023\/07\/FBFolio-06-300x200.jpg\" class=\"attachment-medium size-medium wp-image-1146\" alt=\"\" srcset=\"https:\/\/yes.bf\/wp-content\/uploads\/2023\/07\/FBFolio-06-300x200.jpg 300w, https:\/\/yes.bf\/wp-content\/uploads\/2023\/07\/FBFolio-06-1024x683.jpg 1024w, https:\/\/yes.bf\/wp-content\/uploads\/2023\/07\/FBFolio-06-768x512.jpg 768w, https:\/\/yes.bf\/wp-content\/uploads\/2023\/07\/FBFolio-06-18x12.jpg 18w, https:\/\/yes.bf\/wp-content\/uploads\/2023\/07\/FBFolio-06.jpg 1080w\" sizes=\"(max-width: 300px) 100vw, 300px\" \/><\/div><\/a>\n\t\t\t\t<div class=\"elementor-post__text\">\n\t\t\t\t<h3 class=\"elementor-post__title\">\n\t\t\t<a href=\"https:\/\/yes.bf\/fr\/cfpc-and-students-volunteer-to-repair-nabrabogos-csps-amid-rainy-season-challenges\/\" >\n\t\t\t\tCFPC and Students Volunteer to Repair Nabrabogo&#8217;s CSPS Amid Rainy Season Challenges\t\t\t<\/a>\n\t\t<\/h3>\n\t\t\n\t\t<a class=\"elementor-post__read-more\" href=\"https:\/\/yes.bf\/fr\/cfpc-and-students-volunteer-to-repair-nabrabogos-csps-amid-rainy-season-challenges\/\" aria-label=\"En savoir plus sur CFPC and Students Volunteer to Repair Nabrabogo&#8217;s CSPS Amid Rainy Season Challenges\" tabindex=\"-1\" >\n\t\t\tRead the awesome story \u00bb\t\t<\/a>\n\n\t\t\t\t<\/div>\n\t\t\t\t<div class=\"elementor-post__meta-data\">\n\t\t\t\t\t<span class=\"elementor-post-date\">\n\t\t\t13 Juil, 2023\t\t<\/span>\n\t\t\t\t<\/div>\n\t\t\t\t\t<\/div>\n\t\t<\/article>\n\t\t\t\t<\/div>\n\t\t\n\t\t\t\t<div class=\"e-load-more-anchor\" data-page=\"1\" data-max-page=\"3\" data-next-page=\"https:\/\/yes.bf\/fr\/wp-json\/wp\/v2\/pages\/20\/page\/2\/\"><\/div>\n\t\t\t\t<nav class=\"elementor-pagination\" aria-label=\"Pagination\">\n\t\t\t<span aria-current=\"page\" class=\"page-numbers current\"><span class=\"elementor-screen-only\">Page<\/span>1<\/span>\n<a class=\"page-numbers\" href=\"https:\/\/yes.bf\/fr\/wp-json\/wp\/v2\/pages\/20\/page\/2\/\"><span class=\"elementor-screen-only\">Page<\/span>2<\/a>\n<a class=\"page-numbers\" href=\"https:\/\/yes.bf\/fr\/wp-json\/wp\/v2\/pages\/20\/page\/3\/\"><span class=\"elementor-screen-only\">Page<\/span>3<\/a>\t\t<\/nav>\n\t\t\t\t\t\t<\/div>\n\t\t\t\t<\/div>\n\t\t\t\t\t<\/div>\n\t\t\t\t<\/div>\n\t\t\t\t<\/div>\n\t\t<div class=\"elementor-element elementor-element-244c6fad e-con-full e-flex e-con e-parent\" data-id=\"244c6fad\" data-element_type=\"container\">\n\t\t\t\t<div class=\"elementor-element elementor-element-52e2cb0 elementor-widget elementor-widget-heading\" data-id=\"52e2cb0\" data-element_type=\"widget\" data-widget_type=\"heading.default\">\n\t\t\t\t<div class=\"elementor-widget-container\">\n\t\t\t\t\t<h2 class=\"elementor-heading-title elementor-size-default\">Autonomiser les jeunes et construire l'avenir : L'histoire inspirante de Youth Empowerment Systems Foundation<\/h2>\t\t\t\t<\/div>\n\t\t\t\t<\/div>\n\t\t<div class=\"elementor-element elementor-element-54df531d e-flex e-con-boxed e-con e-parent\" data-id=\"54df531d\" data-element_type=\"container\" data-settings=\"{&quot;background_background&quot;:&quot;classic&quot;}\">\n\t\t\t\t\t<div class=\"e-con-inner\">\n\t\t\t\t\t<\/div>\n\t\t\t\t<\/div>\n\t\t\t\t<div class=\"elementor-element elementor-element-37fd9df8 elementor-widget elementor-widget-text-editor\" data-id=\"37fd9df8\" data-element_type=\"widget\" data-widget_type=\"text-editor.default\">\n\t\t\t\t<div class=\"elementor-widget-container\">\n\t\t\t\t\t\t\t\t\t<p>Dans la communaut\u00e9 dynamique de Bouss\u00e9, au Burkina Faso, un remarquable parcours d'autonomisation et de transformation a d\u00e9but\u00e9 en 2009. Tout a commenc\u00e9 avec un couple canadien passionn\u00e9, Roger et Christine Bast, qui a vu le potentiel d'offrir une formation professionnelle aux personnes vuln\u00e9rables dans les m\u00e9tiers de la construction. Cette vision a conduit \u00e0 la cr\u00e9ation du Centre de Formation Professionnelle en Construction (CFPC). Cependant, au fil des ann\u00e9es, les ambitions de l'organisation se sont accrues, ce qui a conduit \u00e0 la naissance de Youth Empowerment Systems Foundation en 2021. Cet article se penche sur l'histoire inspirante de Youth Empowerment Systems et sur son engagement in\u00e9branlable en faveur de l'autonomisation des jeunes et des femmes vuln\u00e9rables au Burkina Faso.<\/p><p><strong>CFCP : Une vision de l'autonomisation :<\/strong><\/p><p>En 2009, un couple canadien s'est lanc\u00e9 dans une mission visant \u00e0 am\u00e9liorer la vie des personnes vuln\u00e9rables \u00e0 Bouss\u00e9. Ils ont fond\u00e9 le Centre de Formation Professionnelle en Construction (CFPC) en tant que centre de formation professionnelle \u00e0 but non lucratif. Leur vision \u00e9tait claire : fournir une formation professionnelle gratuite dans les m\u00e9tiers de la construction, dotant les jeunes et les adultes marginalis\u00e9s des comp\u00e9tences n\u00e9cessaires pour obtenir un emploi r\u00e9mun\u00e9r\u00e9 et briser le cycle de la pauvret\u00e9.<\/p><p><strong>Victorien Karfo: A Catalyst for Success:<\/strong><\/p><p>In the early years of CFPC, the Canadian couple realized the importance of local leadership and finding a dedicated administrator to drive the project forward. In 2009, Victorien Karfo joined the CFPC team as the administrator. Victorien wholeheartedly embraced the project and worked tirelessly to ensure its success. With his passion for youth empowerment and community development, Victorien became an integral part of CFPC&#8217;s growth and evolution.<\/p><p><strong>\u00c9largir les horizons : La naissance de Youth Empowerment Systems Foundation :<\/strong><\/p><p>Alors que le CFCP continuait \u00e0 avoir un impact profond sur la vie des personnes vuln\u00e9rables, les fondateurs et Victorien ont reconnu la n\u00e9cessit\u00e9 d'\u00e9tendre leurs efforts au-del\u00e0 d'un simple centre de formation professionnelle. En 2021, ils ont cofond\u00e9 Youth Empowerment Systems Foundation, marquant ainsi une \u00e9tape importante dans leur parcours.<\/p><p><strong>Youth Empowerment Systems : Une approche globale de l'autonomisation :<\/strong><\/p><p>Avec la cr\u00e9ation de Youth Empowerment Systems Foundation, l'organisation a adopt\u00e9 une approche holistique pour autonomiser les jeunes et les femmes vuln\u00e9rables de Bouss\u00e9. Tout en maintenant son engagement en faveur de la formation professionnelle, la fondation a reconnu la n\u00e9cessit\u00e9 de relever les multiples d\u00e9fis auxquels sont confront\u00e9s ses b\u00e9n\u00e9ficiaires. Ainsi, la fondation a \u00e9largi ses programmes pour y inclure des activit\u00e9s g\u00e9n\u00e9ratrices de revenus, des formations en gestion d'entreprise et un accent sur l'inclusion sociale.<\/p><p>Gr\u00e2ce \u00e0 son approche globale, Youth Empowerment Systems Foundation vise \u00e0 doter les individus des comp\u00e9tences, des connaissances et du soutien n\u00e9cessaires pour prosp\u00e9rer dans une soci\u00e9t\u00e9 en constante \u00e9volution. La fondation reconna\u00eet le pouvoir de transformation de l'\u00e9ducation, de la formation professionnelle et de l'esprit d'entreprise pour briser les barri\u00e8res et favoriser l'inclusion sociale et \u00e9conomique.<\/p><p>Depuis ses humbles d\u00e9buts en tant que Centre de Formation Professionnelle en Construction (CFPC) jusqu'\u00e0 la cr\u00e9ation de la Youth Empowerment Systems Foundation, le parcours de l'autonomisation des jeunes et des femmes vuln\u00e9rables \u00e0 Bouss\u00e9, au Burkina Faso, a \u00e9t\u00e9 tout \u00e0 fait remarquable. Le d\u00e9vouement in\u00e9branlable du couple canadien, combin\u00e9 \u00e0 la passion et au travail acharn\u00e9 de Victorien Karfo, a propuls\u00e9 l'organisation vers l'avant. Aujourd'hui, Youth Empowerment Systems Foundation se pr\u00e9sente comme une lueur d'espoir, offrant des opportunit\u00e9s de d\u00e9veloppement personnel, d'autonomisation \u00e9conomique et d'inclusion sociale.<\/p><p>Alors que la fondation continue d'\u00e9voluer et d'\u00e9tendre ses efforts, son engagement \u00e0 pr\u00e9parer la prochaine g\u00e9n\u00e9ration \u00e0 un avenir meilleur reste in\u00e9branlable. Gr\u00e2ce \u00e0 l'\u00e9ducation, \u00e0 la formation professionnelle et \u00e0 l'esprit d'entreprise, Youth Empowerment Systems Foundation s'efforce de construire une soci\u00e9t\u00e9 plus inclusive et plus prosp\u00e8re \u00e0 Bouss\u00e9 et au-del\u00e0.<\/p>\t\t\t\t\t\t\t\t<\/div>\n\t\t\t\t<\/div>\n\t\t<div class=\"elementor-element elementor-element-97bb43e e-flex e-con-boxed e-con e-parent\" data-id=\"97bb43e\" data-element_type=\"container\" data-settings=\"{&quot;background_background&quot;:&quot;classic&quot;}\">\n\t\t\t\t\t<div class=\"e-con-inner\">\n\t\t\t\t\t<\/div>\n\t\t\t\t<\/div>\n\t\t\t\t<div class=\"elementor-element elementor-element-3f9ee01a elementor-widget elementor-widget-image\" data-id=\"3f9ee01a\" data-element_type=\"widget\" data-widget_type=\"image.default\">\n\t\t\t\t<div class=\"elementor-widget-container\">\n\t\t\t\t\t\t\t\t\t\t\t\t\t\t\t\t<a href=\"https:\/\/cfpc.bf\">\n\t\t\t\t\t\t\t<img loading=\"lazy\" decoding=\"async\" width=\"601\" height=\"101\" src=\"https:\/\/yes.bf\/wp-content\/uploads\/2022\/08\/cfpc-09.jpg\" class=\"attachment-large size-large wp-image-505\" alt=\"\" srcset=\"https:\/\/yes.bf\/wp-content\/uploads\/2022\/08\/cfpc-09.jpg 601w, https:\/\/yes.bf\/wp-content\/uploads\/2022\/08\/cfpc-09-300x50.jpg 300w\" sizes=\"(max-width: 601px) 100vw, 601px\" \/>\t\t\t\t\t\t\t\t<\/a>\n\t\t\t\t\t\t\t\t\t\t\t\t\t\t\t<\/div>\n\t\t\t\t<\/div>\n\t\t\t\t<div class=\"elementor-element elementor-element-249ce501 elementor-widget elementor-widget-image\" data-id=\"249ce501\" data-element_type=\"widget\" data-widget_type=\"image.default\">\n\t\t\t\t<div class=\"elementor-widget-container\">\n\t\t\t\t\t\t\t\t\t\t\t\t\t\t\t\t<a href=\"https:\/\/yes.bf\/fr\/burkina-faso\/\">\n\t\t\t\t\t\t\t<img loading=\"lazy\" decoding=\"async\" width=\"601\" height=\"101\" src=\"https:\/\/yes.bf\/wp-content\/uploads\/2023\/06\/Burkina-06.png\" class=\"attachment-large size-large wp-image-333\" alt=\"\" srcset=\"https:\/\/yes.bf\/wp-content\/uploads\/2023\/06\/Burkina-06.png 601w, https:\/\/yes.bf\/wp-content\/uploads\/2023\/06\/Burkina-06-300x50.png 300w, https:\/\/yes.bf\/wp-content\/uploads\/2023\/06\/Burkina-06-18x3.png 18w\" sizes=\"(max-width: 601px) 100vw, 601px\" \/>\t\t\t\t\t\t\t\t<\/a>\n\t\t\t\t\t\t\t\t\t\t\t\t\t\t\t<\/div>\n\t\t\t\t<\/div>\n\t\t\t\t<\/div>\n\t\t\t\t\t<\/div>\n\t\t\t\t<\/div>\n\t\t\t\t<\/div>","protected":false},"excerpt":{"rendered":"<p>Since 2009690 Graduates532 Employed Discover Awesome Stories Empowering Youth and<\/p>","protected":false},"author":1,"featured_media":0,"parent":0,"menu_order":0,"comment_status":"closed","ping_status":"closed","template":"","meta":{"footnotes":""},"class_list":["post-20","page","type-page","status-publish","hentry"],"_links":{"self":[{"href":"https:\/\/yes.bf\/fr\/wp-json\/wp\/v2\/pages\/20","targetHints":{"allow":["GET"]}}],"collection":[{"href":"https:\/\/yes.bf\/fr\/wp-json\/wp\/v2\/pages"}],"about":[{"href":"https:\/\/yes.bf\/fr\/wp-json\/wp\/v2\/types\/page"}],"author":[{"embeddable":true,"href":"https:\/\/yes.bf\/fr\/wp-json\/wp\/v2\/users\/1"}],"replies":[{"embeddable":true,"href":"https:\/\/yes.bf\/fr\/wp-json\/wp\/v2\/comments?post=20"}],"version-history":[{"count":22,"href":"https:\/\/yes.bf\/fr\/wp-json\/wp\/v2\/pages\/20\/revisions"}],"predecessor-version":[{"id":1059,"href":"https:\/\/yes.bf\/fr\/wp-json\/wp\/v2\/pages\/20\/revisions\/1059"}],"wp:attachment":[{"href":"https:\/\/yes.bf\/fr\/wp-json\/wp\/v2\/media?parent=20"}],"curies":[{"name":"wp","href":"https:\/\/api.w.org\/{rel}","templated":true}]}}