{"id":22,"date":"2023-05-30T08:23:37","date_gmt":"2023-05-30T08:23:37","guid":{"rendered":"https:\/\/yes.bf\/?page_id=22"},"modified":"2023-06-02T06:26:01","modified_gmt":"2023-06-02T06:26:01","slug":"our-mission-statement","status":"publish","type":"page","link":"https:\/\/yes.bf\/fr\/our-mission-statement\/","title":{"rendered":"Our Mission Statement"},"content":{"rendered":"<div data-elementor-type=\"wp-page\" data-elementor-id=\"22\" class=\"elementor elementor-22\" data-elementor-post-type=\"page\">\n\t\t\t\t<div class=\"elementor-element elementor-element-40b1bd7 e-flex e-con-boxed e-con e-parent\" data-id=\"40b1bd7\" data-element_type=\"container\">\n\t\t\t\t\t<div class=\"e-con-inner\">\n\t\t<div class=\"elementor-element elementor-element-5c737b81 e-con-full e-flex e-con e-parent\" data-id=\"5c737b81\" data-element_type=\"container\">\n\t\t\t\t<div class=\"elementor-element elementor-element-2ff49108 elementor-widget elementor-widget-image-carousel\" data-id=\"2ff49108\" data-element_type=\"widget\" data-settings=\"{&quot;slides_to_show&quot;:&quot;1&quot;,&quot;navigation&quot;:&quot;none&quot;,&quot;effect&quot;:&quot;fade&quot;,&quot;autoplay&quot;:&quot;yes&quot;,&quot;pause_on_hover&quot;:&quot;yes&quot;,&quot;pause_on_interaction&quot;:&quot;yes&quot;,&quot;autoplay_speed&quot;:5000,&quot;infinite&quot;:&quot;yes&quot;,&quot;speed&quot;:500}\" data-widget_type=\"image-carousel.default\">\n\t\t\t\t<div class=\"elementor-widget-container\">\n\t\t\t\t\t\t\t<div class=\"elementor-image-carousel-wrapper swiper\" role=\"region\" aria-roledescription=\"carousel\" aria-label=\"Image Carousel\" dir=\"ltr\">\n\t\t\t<div class=\"elementor-image-carousel swiper-wrapper\" aria-live=\"off\">\n\t\t\t\t\t\t\t\t<div class=\"swiper-slide\" role=\"group\" aria-roledescription=\"slide\" aria-label=\"1 of 10\"><figure class=\"swiper-slide-inner\"><img decoding=\"async\" class=\"swiper-slide-image\" src=\"https:\/\/yes.bf\/wp-content\/uploads\/2022\/08\/Slide2-01.jpg\" alt=\"\" \/><\/figure><\/div><div class=\"swiper-slide\" role=\"group\" aria-roledescription=\"slide\" aria-label=\"2 of 10\"><figure class=\"swiper-slide-inner\"><img decoding=\"async\" class=\"swiper-slide-image\" src=\"https:\/\/yes.bf\/wp-content\/uploads\/2022\/08\/Slide3-01.jpg\" alt=\"\" \/><\/figure><\/div><div class=\"swiper-slide\" role=\"group\" aria-roledescription=\"slide\" aria-label=\"3 of 10\"><figure class=\"swiper-slide-inner\"><img decoding=\"async\" class=\"swiper-slide-image\" src=\"https:\/\/yes.bf\/wp-content\/uploads\/2022\/08\/Slide4-01.jpg\" alt=\"\" \/><\/figure><\/div><div class=\"swiper-slide\" role=\"group\" aria-roledescription=\"slide\" aria-label=\"4 of 10\"><figure class=\"swiper-slide-inner\"><img decoding=\"async\" class=\"swiper-slide-image\" src=\"https:\/\/yes.bf\/wp-content\/uploads\/2022\/08\/Slide5-01.jpg\" alt=\"\" \/><\/figure><\/div><div class=\"swiper-slide\" role=\"group\" aria-roledescription=\"slide\" aria-label=\"5 of 10\"><figure class=\"swiper-slide-inner\"><img decoding=\"async\" class=\"swiper-slide-image\" src=\"https:\/\/yes.bf\/wp-content\/uploads\/2022\/08\/Slide6-01.jpg\" alt=\"\" \/><\/figure><\/div><div class=\"swiper-slide\" role=\"group\" aria-roledescription=\"slide\" aria-label=\"6 of 10\"><figure class=\"swiper-slide-inner\"><img decoding=\"async\" class=\"swiper-slide-image\" src=\"https:\/\/yes.bf\/wp-content\/uploads\/2022\/08\/Slide7-01.jpg\" alt=\"\" \/><\/figure><\/div><div class=\"swiper-slide\" role=\"group\" aria-roledescription=\"slide\" aria-label=\"7 of 10\"><figure class=\"swiper-slide-inner\"><img decoding=\"async\" class=\"swiper-slide-image\" src=\"https:\/\/yes.bf\/wp-content\/uploads\/2022\/08\/Slide8-01.jpg\" alt=\"\" \/><\/figure><\/div><div class=\"swiper-slide\" role=\"group\" aria-roledescription=\"slide\" aria-label=\"8 of 10\"><figure class=\"swiper-slide-inner\"><img decoding=\"async\" class=\"swiper-slide-image\" src=\"https:\/\/yes.bf\/wp-content\/uploads\/2022\/08\/Slide9-01.jpg\" alt=\"\" \/><\/figure><\/div><div class=\"swiper-slide\" role=\"group\" aria-roledescription=\"slide\" aria-label=\"9 of 10\"><figure class=\"swiper-slide-inner\"><img decoding=\"async\" class=\"swiper-slide-image\" src=\"https:\/\/yes.bf\/wp-content\/uploads\/2022\/08\/Slide10-01.jpg\" alt=\"\" \/><\/figure><\/div><div class=\"swiper-slide\" role=\"group\" aria-roledescription=\"slide\" aria-label=\"10 of 10\"><figure class=\"swiper-slide-inner\"><img decoding=\"async\" class=\"swiper-slide-image\" src=\"https:\/\/yes.bf\/wp-content\/uploads\/2022\/08\/Slide11-01.jpg\" alt=\"\" \/><\/figure><\/div>\t\t\t<\/div>\n\t\t\t\t\t\t\t\n\t\t\t\t\t\t\t\t\t<\/div>\n\t\t\t\t\t\t<\/div>\n\t\t\t\t<\/div>\n\t\t<div class=\"elementor-element elementor-element-63ec89de e-grid e-con-boxed e-con e-parent\" data-id=\"63ec89de\" data-element_type=\"container\">\n\t\t\t\t\t<div class=\"e-con-inner\">\n\t\t\t\t<div class=\"elementor-element elementor-element-3ec51e8b elementor--h-position-center elementor--v-position-middle elementor-widget elementor-widget-slides\" data-id=\"3ec51e8b\" data-element_type=\"widget\" data-settings=\"{&quot;navigation&quot;:&quot;none&quot;,&quot;autoplay&quot;:&quot;yes&quot;,&quot;pause_on_hover&quot;:&quot;yes&quot;,&quot;pause_on_interaction&quot;:&quot;yes&quot;,&quot;autoplay_speed&quot;:5000,&quot;infinite&quot;:&quot;yes&quot;,&quot;transition&quot;:&quot;slide&quot;,&quot;transition_speed&quot;:500}\" data-widget_type=\"slides.default\">\n\t\t\t\t<div class=\"elementor-widget-container\">\n\t\t\t\t\t\t\t\t\t<div class=\"elementor-swiper\">\n\t\t\t\t\t<div class=\"elementor-slides-wrapper elementor-main-swiper swiper\" role=\"region\" aria-roledescription=\"carousel\" aria-label=\"Slides\" dir=\"ltr\" data-animation=\"fadeInUp\">\n\t\t\t\t<div class=\"swiper-wrapper elementor-slides\">\n\t\t\t\t\t\t\t\t\t\t<div class=\"elementor-repeater-item-5ef040d swiper-slide\" role=\"group\" aria-roledescription=\"slide\"><div class=\"swiper-slide-bg\" role=\"img\"><\/div><div class=\"swiper-slide-inner\" ><div class=\"swiper-slide-contents\"><div class=\"elementor-slide-heading\">Depuis 2009<\/div><\/div><\/div><\/div><div class=\"elementor-repeater-item-002f04e swiper-slide\" role=\"group\" aria-roledescription=\"slide\"><div class=\"swiper-slide-bg\" role=\"img\"><\/div><div class=\"swiper-slide-inner\" ><div class=\"swiper-slide-contents\"><div class=\"elementor-slide-heading\">690 Diplom\u00e9s<\/div><\/div><\/div><\/div><div class=\"elementor-repeater-item-4a5b182 swiper-slide\" role=\"group\" aria-roledescription=\"slide\"><div class=\"swiper-slide-bg\" role=\"img\"><\/div><div class=\"swiper-slide-inner\" ><div class=\"swiper-slide-contents\"><div class=\"elementor-slide-heading\">532 Employ\u00e9s<\/div><\/div><\/div><\/div>\t\t\t\t<\/div>\n\t\t\t\t\t\t\t\t\t\t\t\t\t\t\t\t\t\t\t\t\t<\/div>\n\t\t\t\t<\/div>\n\t\t\t\t\t\t\t\t<\/div>\n\t\t\t\t<\/div>\n\t\t\t\t<div class=\"elementor-element elementor-element-6b18797d elementor-widget elementor-widget-image\" data-id=\"6b18797d\" data-element_type=\"widget\" data-widget_type=\"image.default\">\n\t\t\t\t<div class=\"elementor-widget-container\">\n\t\t\t\t\t\t\t\t\t\t\t\t\t\t\t<img decoding=\"async\" width=\"319\" height=\"126\" src=\"https:\/\/yes.bf\/wp-content\/uploads\/2023\/06\/Former-04.png\" class=\"attachment-large size-large wp-image-312\" alt=\"\" srcset=\"https:\/\/yes.bf\/wp-content\/uploads\/2023\/06\/Former-04.png 319w, https:\/\/yes.bf\/wp-content\/uploads\/2023\/06\/Former-04-300x118.png 300w, https:\/\/yes.bf\/wp-content\/uploads\/2023\/06\/Former-04-18x7.png 18w\" sizes=\"(max-width: 319px) 100vw, 319px\" \/>\t\t\t\t\t\t\t\t\t\t\t\t\t\t\t<\/div>\n\t\t\t\t<\/div>\n\t\t\t\t\t<\/div>\n\t\t\t\t<\/div>\n\t\t<div class=\"elementor-element elementor-element-3db9b19e e-flex e-con-boxed e-con e-parent\" data-id=\"3db9b19e\" data-element_type=\"container\">\n\t\t\t\t\t<div class=\"e-con-inner\">\n\t\t\t\t<div class=\"elementor-element elementor-element-72dd00bd elementor-widget elementor-widget-heading\" data-id=\"72dd00bd\" data-element_type=\"widget\" data-widget_type=\"heading.default\">\n\t\t\t\t<div class=\"elementor-widget-container\">\n\t\t\t\t\t<h2 class=\"elementor-heading-title elementor-size-default\">Laissez-vous Inspirer<\/h2>\t\t\t\t<\/div>\n\t\t\t\t<\/div>\n\t\t\t\t<div class=\"elementor-element elementor-element-1a10c6ae elementor-grid-2 elementor-grid-tablet-2 elementor-grid-mobile-1 elementor-posts--thumbnail-top elementor-card-shadow-yes elementor-posts__hover-gradient elementor-widget elementor-widget-posts\" data-id=\"1a10c6ae\" data-element_type=\"widget\" data-settings=\"{&quot;cards_columns&quot;:&quot;2&quot;,&quot;pagination_type&quot;:&quot;numbers&quot;,&quot;cards_columns_tablet&quot;:&quot;2&quot;,&quot;cards_columns_mobile&quot;:&quot;1&quot;,&quot;cards_row_gap&quot;:{&quot;unit&quot;:&quot;px&quot;,&quot;size&quot;:35,&quot;sizes&quot;:[]},&quot;cards_row_gap_tablet&quot;:{&quot;unit&quot;:&quot;px&quot;,&quot;size&quot;:&quot;&quot;,&quot;sizes&quot;:[]},&quot;cards_row_gap_mobile&quot;:{&quot;unit&quot;:&quot;px&quot;,&quot;size&quot;:&quot;&quot;,&quot;sizes&quot;:[]}}\" data-widget_type=\"posts.cards\">\n\t\t\t\t<div class=\"elementor-widget-container\">\n\t\t\t\t\t\t\t<div class=\"elementor-posts-container elementor-posts elementor-posts--skin-cards elementor-grid\" role=\"list\">\n\t\t\t\t<article class=\"elementor-post elementor-grid-item post-1164 post type-post status-publish format-standard has-post-thumbnail hentry category-skills-development\" role=\"listitem\">\n\t\t\t<div class=\"elementor-post__card\">\n\t\t\t\t<a class=\"elementor-post__thumbnail__link\" href=\"https:\/\/yes.bf\/fr\/cfpc-shines-again-in-cqp-exams-with-100-success-rate\/\" tabindex=\"-1\" ><div class=\"elementor-post__thumbnail\"><img fetchpriority=\"high\" decoding=\"async\" width=\"300\" height=\"200\" src=\"https:\/\/yes.bf\/wp-content\/uploads\/2024\/06\/Folio2-01-300x200.jpg\" class=\"attachment-medium size-medium wp-image-1162\" alt=\"\" srcset=\"https:\/\/yes.bf\/wp-content\/uploads\/2024\/06\/Folio2-01-300x200.jpg 300w, https:\/\/yes.bf\/wp-content\/uploads\/2024\/06\/Folio2-01-1024x683.jpg 1024w, https:\/\/yes.bf\/wp-content\/uploads\/2024\/06\/Folio2-01-768x512.jpg 768w, https:\/\/yes.bf\/wp-content\/uploads\/2024\/06\/Folio2-01-18x12.jpg 18w, https:\/\/yes.bf\/wp-content\/uploads\/2024\/06\/Folio2-01.jpg 1080w\" sizes=\"(max-width: 300px) 100vw, 300px\" \/><\/div><\/a>\n\t\t\t\t<div class=\"elementor-post__text\">\n\t\t\t\t<h3 class=\"elementor-post__title\">\n\t\t\t<a href=\"https:\/\/yes.bf\/fr\/cfpc-shines-again-in-cqp-exams-with-100-success-rate\/\" >\n\t\t\t\tLe CFPC Brille Encore  aux Examens du CQP avec un Taux de R\u00e9ussite de 100%\t\t\t<\/a>\n\t\t<\/h3>\n\t\t\n\t\t<a class=\"elementor-post__read-more\" href=\"https:\/\/yes.bf\/fr\/cfpc-shines-again-in-cqp-exams-with-100-success-rate\/\" aria-label=\"En savoir plus sur CFPC Shines Again in CQP Exams with 100% Success Rate\" tabindex=\"-1\" >\n\t\t\tRead the awesome story \u00bb\t\t<\/a>\n\n\t\t\t\t<\/div>\n\t\t\t\t<div class=\"elementor-post__meta-data\">\n\t\t\t\t\t<span class=\"elementor-post-date\">\n\t\t\t25 Juin, 2024\t\t<\/span>\n\t\t\t\t<\/div>\n\t\t\t\t\t<\/div>\n\t\t<\/article>\n\t\t\t\t<article class=\"elementor-post elementor-grid-item post-1140 post type-post status-publish format-standard has-post-thumbnail hentry category-skills-development\" role=\"listitem\">\n\t\t\t<div class=\"elementor-post__card\">\n\t\t\t\t<a class=\"elementor-post__thumbnail__link\" href=\"https:\/\/yes.bf\/fr\/cfpc-and-students-volunteer-to-repair-nabrabogos-csps-amid-rainy-season-challenges\/\" tabindex=\"-1\" ><div class=\"elementor-post__thumbnail\"><img decoding=\"async\" width=\"300\" height=\"200\" src=\"https:\/\/yes.bf\/wp-content\/uploads\/2023\/07\/FBFolio-06-300x200.jpg\" class=\"attachment-medium size-medium wp-image-1146\" alt=\"\" srcset=\"https:\/\/yes.bf\/wp-content\/uploads\/2023\/07\/FBFolio-06-300x200.jpg 300w, https:\/\/yes.bf\/wp-content\/uploads\/2023\/07\/FBFolio-06-1024x683.jpg 1024w, https:\/\/yes.bf\/wp-content\/uploads\/2023\/07\/FBFolio-06-768x512.jpg 768w, https:\/\/yes.bf\/wp-content\/uploads\/2023\/07\/FBFolio-06-18x12.jpg 18w, https:\/\/yes.bf\/wp-content\/uploads\/2023\/07\/FBFolio-06.jpg 1080w\" sizes=\"(max-width: 300px) 100vw, 300px\" \/><\/div><\/a>\n\t\t\t\t<div class=\"elementor-post__text\">\n\t\t\t\t<h3 class=\"elementor-post__title\">\n\t\t\t<a href=\"https:\/\/yes.bf\/fr\/cfpc-and-students-volunteer-to-repair-nabrabogos-csps-amid-rainy-season-challenges\/\" >\n\t\t\t\tCFPC and Students Volunteer to Repair Nabrabogo&#8217;s CSPS Amid Rainy Season Challenges\t\t\t<\/a>\n\t\t<\/h3>\n\t\t\n\t\t<a class=\"elementor-post__read-more\" href=\"https:\/\/yes.bf\/fr\/cfpc-and-students-volunteer-to-repair-nabrabogos-csps-amid-rainy-season-challenges\/\" aria-label=\"En savoir plus sur CFPC and Students Volunteer to Repair Nabrabogo&#8217;s CSPS Amid Rainy Season Challenges\" tabindex=\"-1\" >\n\t\t\tRead the awesome story \u00bb\t\t<\/a>\n\n\t\t\t\t<\/div>\n\t\t\t\t<div class=\"elementor-post__meta-data\">\n\t\t\t\t\t<span class=\"elementor-post-date\">\n\t\t\t13 Juil, 2023\t\t<\/span>\n\t\t\t\t<\/div>\n\t\t\t\t\t<\/div>\n\t\t<\/article>\n\t\t\t\t<\/div>\n\t\t\n\t\t\t\t<div class=\"e-load-more-anchor\" data-page=\"1\" data-max-page=\"3\" data-next-page=\"https:\/\/yes.bf\/fr\/wp-json\/wp\/v2\/pages\/22\/page\/2\/\"><\/div>\n\t\t\t\t<nav class=\"elementor-pagination\" aria-label=\"Pagination\">\n\t\t\t<span aria-current=\"page\" class=\"page-numbers current\"><span class=\"elementor-screen-only\">Page<\/span>1<\/span>\n<a class=\"page-numbers\" href=\"https:\/\/yes.bf\/fr\/wp-json\/wp\/v2\/pages\/22\/page\/2\/\"><span class=\"elementor-screen-only\">Page<\/span>2<\/a>\n<a class=\"page-numbers\" href=\"https:\/\/yes.bf\/fr\/wp-json\/wp\/v2\/pages\/22\/page\/3\/\"><span class=\"elementor-screen-only\">Page<\/span>3<\/a>\t\t<\/nav>\n\t\t\t\t\t\t<\/div>\n\t\t\t\t<\/div>\n\t\t\t\t\t<\/div>\n\t\t\t\t<\/div>\n\t\t\t\t<\/div>\n\t\t<div class=\"elementor-element elementor-element-49b320bb e-con-full e-flex e-con e-parent\" data-id=\"49b320bb\" data-element_type=\"container\">\n\t\t\t\t<div class=\"elementor-element elementor-element-44becaf8 elementor-widget elementor-widget-heading\" data-id=\"44becaf8\" data-element_type=\"widget\" data-widget_type=\"heading.default\">\n\t\t\t\t<div class=\"elementor-widget-container\">\n\t\t\t\t\t<h2 class=\"elementor-heading-title elementor-size-default\">Notre Vision<\/h2>\t\t\t\t<\/div>\n\t\t\t\t<\/div>\n\t\t<div class=\"elementor-element elementor-element-5460461b e-flex e-con-boxed e-con e-parent\" data-id=\"5460461b\" data-element_type=\"container\" data-settings=\"{&quot;background_background&quot;:&quot;classic&quot;}\">\n\t\t\t\t\t<div class=\"e-con-inner\">\n\t\t\t\t\t<\/div>\n\t\t\t\t<\/div>\n\t\t\t\t<div class=\"elementor-element elementor-element-79962e81 elementor-widget elementor-widget-text-editor\" data-id=\"79962e81\" data-element_type=\"widget\" data-widget_type=\"text-editor.default\">\n\t\t\t\t<div class=\"elementor-widget-container\">\n\t\t\t\t\t\t\t\t\t<p>Notre vision est de cr\u00e9er une soci\u00e9t\u00e9 o\u00f9 chaque jeune et chaque femme du Burkina Faso a la possibilit\u00e9 de lib\u00e9rer son potentiel, de poursuivre ses r\u00eaves et de contribuer au d\u00e9veloppement durable de sa communaut\u00e9. Nous envisageons un avenir o\u00f9 les comp\u00e9tences, l'\u00e9ducation et l'esprit d'entreprise permettent aux individus de s'\u00e9manciper, de briser le cycle de la pauvret\u00e9 et de favoriser l'inclusion sociale et \u00e9conomique.<\/p>\t\t\t\t\t\t\t\t<\/div>\n\t\t\t\t<\/div>\n\t\t\t\t<div class=\"elementor-element elementor-element-c8a6bf4 elementor-widget elementor-widget-heading\" data-id=\"c8a6bf4\" data-element_type=\"widget\" data-widget_type=\"heading.default\">\n\t\t\t\t<div class=\"elementor-widget-container\">\n\t\t\t\t\t<h2 class=\"elementor-heading-title elementor-size-default\">Notre Mission<\/h2>\t\t\t\t<\/div>\n\t\t\t\t<\/div>\n\t\t<div class=\"elementor-element elementor-element-7a55259f e-flex e-con-boxed e-con e-parent\" data-id=\"7a55259f\" data-element_type=\"container\" data-settings=\"{&quot;background_background&quot;:&quot;classic&quot;}\">\n\t\t\t\t\t<div class=\"e-con-inner\">\n\t\t\t\t\t<\/div>\n\t\t\t\t<\/div>\n\t\t\t\t<div class=\"elementor-element elementor-element-2a0c055 elementor-widget elementor-widget-text-editor\" data-id=\"2a0c055\" data-element_type=\"widget\" data-widget_type=\"text-editor.default\">\n\t\t\t\t<div class=\"elementor-widget-container\">\n\t\t\t\t\t\t\t\t\t<p>Chez Youth Empowerment Systems, notre mission est de pr\u00e9parer la prochaine g\u00e9n\u00e9ration \u00e0 un avenir meilleur en proposant gratuitement des formations professionnelles, des activit\u00e9s g\u00e9n\u00e9ratrices de revenus et des formations en gestion d'entreprise. Nous nous consacrons \u00e0 l'autonomisation des jeunes et des femmes vuln\u00e9rables, en particulier ceux qui sont touch\u00e9s par la pauvret\u00e9 et qui n'ont qu'un acc\u00e8s limit\u00e9 \u00e0 l'\u00e9ducation. Gr\u00e2ce \u00e0 nos programmes, nous visons \u00e0 lutter contre la traite des \u00eatres humains, les migrations irr\u00e9guli\u00e8res et la radicalisation violente, et \u00e0 promouvoir le d\u00e9veloppement social et \u00e9conomique du Burkina Faso. Nous nous effor\u00e7ons de promouvoir l'\u00e9galit\u00e9 des sexes en formant des femmes \u00e0 des m\u00e9tiers domin\u00e9s par les hommes et nous travaillons \u00e0 la cr\u00e9ation d'une soci\u00e9t\u00e9 o\u00f9 tous les individus ont les m\u00eames chances de s'\u00e9panouir.<\/p>\t\t\t\t\t\t\t\t<\/div>\n\t\t\t\t<\/div>\n\t\t\t\t<div class=\"elementor-element elementor-element-5d3f2f57 elementor-widget elementor-widget-image\" data-id=\"5d3f2f57\" data-element_type=\"widget\" data-widget_type=\"image.default\">\n\t\t\t\t<div class=\"elementor-widget-container\">\n\t\t\t\t\t\t\t\t\t\t\t\t\t\t\t\t<a href=\"https:\/\/cfpc.bf\">\n\t\t\t\t\t\t\t<img loading=\"lazy\" decoding=\"async\" width=\"601\" height=\"101\" src=\"https:\/\/yes.bf\/wp-content\/uploads\/2022\/08\/cfpc-09.jpg\" class=\"attachment-large size-large wp-image-505\" alt=\"\" srcset=\"https:\/\/yes.bf\/wp-content\/uploads\/2022\/08\/cfpc-09.jpg 601w, https:\/\/yes.bf\/wp-content\/uploads\/2022\/08\/cfpc-09-300x50.jpg 300w\" sizes=\"(max-width: 601px) 100vw, 601px\" \/>\t\t\t\t\t\t\t\t<\/a>\n\t\t\t\t\t\t\t\t\t\t\t\t\t\t\t<\/div>\n\t\t\t\t<\/div>\n\t\t\t\t<div class=\"elementor-element elementor-element-d61574 elementor-widget elementor-widget-image\" data-id=\"d61574\" data-element_type=\"widget\" data-widget_type=\"image.default\">\n\t\t\t\t<div class=\"elementor-widget-container\">\n\t\t\t\t\t\t\t\t\t\t\t\t\t\t\t\t<a href=\"https:\/\/yes.bf\/fr\/burkina-faso\/\">\n\t\t\t\t\t\t\t<img loading=\"lazy\" decoding=\"async\" width=\"601\" height=\"101\" src=\"https:\/\/yes.bf\/wp-content\/uploads\/2023\/06\/Burkina-06.png\" class=\"attachment-large size-large wp-image-333\" alt=\"\" srcset=\"https:\/\/yes.bf\/wp-content\/uploads\/2023\/06\/Burkina-06.png 601w, https:\/\/yes.bf\/wp-content\/uploads\/2023\/06\/Burkina-06-300x50.png 300w, https:\/\/yes.bf\/wp-content\/uploads\/2023\/06\/Burkina-06-18x3.png 18w\" sizes=\"(max-width: 601px) 100vw, 601px\" \/>\t\t\t\t\t\t\t\t<\/a>\n\t\t\t\t\t\t\t\t\t\t\t\t\t\t\t<\/div>\n\t\t\t\t<\/div>\n\t\t\t\t<\/div>\n\t\t\t\t\t<\/div>\n\t\t\t\t<\/div>\n\t\t\t\t<\/div>","protected":false},"excerpt":{"rendered":"<p>Since 2009690 Graduates532 Employed Discover Awesome Stories Vision Statement Our<\/p>","protected":false},"author":1,"featured_media":0,"parent":0,"menu_order":0,"comment_status":"closed","ping_status":"closed","template":"","meta":{"footnotes":""},"class_list":["post-22","page","type-page","status-publish","hentry"],"_links":{"self":[{"href":"https:\/\/yes.bf\/fr\/wp-json\/wp\/v2\/pages\/22","targetHints":{"allow":["GET"]}}],"collection":[{"href":"https:\/\/yes.bf\/fr\/wp-json\/wp\/v2\/pages"}],"about":[{"href":"https:\/\/yes.bf\/fr\/wp-json\/wp\/v2\/types\/page"}],"author":[{"embeddable":true,"href":"https:\/\/yes.bf\/fr\/wp-json\/wp\/v2\/users\/1"}],"replies":[{"embeddable":true,"href":"https:\/\/yes.bf\/fr\/wp-json\/wp\/v2\/comments?post=22"}],"version-history":[{"count":10,"href":"https:\/\/yes.bf\/fr\/wp-json\/wp\/v2\/pages\/22\/revisions"}],"predecessor-version":[{"id":1042,"href":"https:\/\/yes.bf\/fr\/wp-json\/wp\/v2\/pages\/22\/revisions\/1042"}],"wp:attachment":[{"href":"https:\/\/yes.bf\/fr\/wp-json\/wp\/v2\/media?parent=22"}],"curies":[{"name":"wp","href":"https:\/\/api.w.org\/{rel}","templated":true}]}}