{"id":24,"date":"2023-05-30T08:24:08","date_gmt":"2023-05-30T08:24:08","guid":{"rendered":"https:\/\/yes.bf\/?page_id=24"},"modified":"2023-06-02T06:24:56","modified_gmt":"2023-06-02T06:24:56","slug":"our-core-values","status":"publish","type":"page","link":"https:\/\/yes.bf\/fr\/our-core-values\/","title":{"rendered":"Nos valeurs cl\u00e9s"},"content":{"rendered":"<div data-elementor-type=\"wp-page\" data-elementor-id=\"24\" class=\"elementor elementor-24\" data-elementor-post-type=\"page\">\n\t\t\t\t<div class=\"elementor-element elementor-element-7fd34226 e-flex e-con-boxed e-con e-parent\" data-id=\"7fd34226\" data-element_type=\"container\">\n\t\t\t\t\t<div class=\"e-con-inner\">\n\t\t<div class=\"elementor-element elementor-element-57c80140 e-con-full e-flex e-con e-parent\" data-id=\"57c80140\" data-element_type=\"container\">\n\t\t\t\t<div class=\"elementor-element elementor-element-4e866363 elementor-widget elementor-widget-image-carousel\" data-id=\"4e866363\" data-element_type=\"widget\" data-settings=\"{&quot;slides_to_show&quot;:&quot;1&quot;,&quot;navigation&quot;:&quot;none&quot;,&quot;effect&quot;:&quot;fade&quot;,&quot;autoplay&quot;:&quot;yes&quot;,&quot;pause_on_hover&quot;:&quot;yes&quot;,&quot;pause_on_interaction&quot;:&quot;yes&quot;,&quot;autoplay_speed&quot;:5000,&quot;infinite&quot;:&quot;yes&quot;,&quot;speed&quot;:500}\" data-widget_type=\"image-carousel.default\">\n\t\t\t\t<div class=\"elementor-widget-container\">\n\t\t\t\t\t\t\t<div class=\"elementor-image-carousel-wrapper swiper\" role=\"region\" aria-roledescription=\"carousel\" aria-label=\"Image Carousel\" dir=\"ltr\">\n\t\t\t<div class=\"elementor-image-carousel swiper-wrapper\" aria-live=\"off\">\n\t\t\t\t\t\t\t\t<div class=\"swiper-slide\" role=\"group\" aria-roledescription=\"slide\" aria-label=\"1 of 10\"><figure class=\"swiper-slide-inner\"><img decoding=\"async\" class=\"swiper-slide-image\" src=\"https:\/\/yes.bf\/wp-content\/uploads\/2022\/08\/Slide2-01.jpg\" alt=\"\" \/><\/figure><\/div><div class=\"swiper-slide\" role=\"group\" aria-roledescription=\"slide\" aria-label=\"2 of 10\"><figure class=\"swiper-slide-inner\"><img decoding=\"async\" class=\"swiper-slide-image\" src=\"https:\/\/yes.bf\/wp-content\/uploads\/2022\/08\/Slide3-01.jpg\" alt=\"\" \/><\/figure><\/div><div class=\"swiper-slide\" role=\"group\" aria-roledescription=\"slide\" aria-label=\"3 of 10\"><figure class=\"swiper-slide-inner\"><img decoding=\"async\" class=\"swiper-slide-image\" src=\"https:\/\/yes.bf\/wp-content\/uploads\/2022\/08\/Slide4-01.jpg\" alt=\"\" \/><\/figure><\/div><div class=\"swiper-slide\" role=\"group\" aria-roledescription=\"slide\" aria-label=\"4 of 10\"><figure class=\"swiper-slide-inner\"><img decoding=\"async\" class=\"swiper-slide-image\" src=\"https:\/\/yes.bf\/wp-content\/uploads\/2022\/08\/Slide5-01.jpg\" alt=\"\" \/><\/figure><\/div><div class=\"swiper-slide\" role=\"group\" aria-roledescription=\"slide\" aria-label=\"5 of 10\"><figure class=\"swiper-slide-inner\"><img decoding=\"async\" class=\"swiper-slide-image\" src=\"https:\/\/yes.bf\/wp-content\/uploads\/2022\/08\/Slide6-01.jpg\" alt=\"\" \/><\/figure><\/div><div class=\"swiper-slide\" role=\"group\" aria-roledescription=\"slide\" aria-label=\"6 of 10\"><figure class=\"swiper-slide-inner\"><img decoding=\"async\" class=\"swiper-slide-image\" src=\"https:\/\/yes.bf\/wp-content\/uploads\/2022\/08\/Slide7-01.jpg\" alt=\"\" \/><\/figure><\/div><div class=\"swiper-slide\" role=\"group\" aria-roledescription=\"slide\" aria-label=\"7 of 10\"><figure class=\"swiper-slide-inner\"><img decoding=\"async\" class=\"swiper-slide-image\" src=\"https:\/\/yes.bf\/wp-content\/uploads\/2022\/08\/Slide8-01.jpg\" alt=\"\" \/><\/figure><\/div><div class=\"swiper-slide\" role=\"group\" aria-roledescription=\"slide\" aria-label=\"8 of 10\"><figure class=\"swiper-slide-inner\"><img decoding=\"async\" class=\"swiper-slide-image\" src=\"https:\/\/yes.bf\/wp-content\/uploads\/2022\/08\/Slide9-01.jpg\" alt=\"\" \/><\/figure><\/div><div class=\"swiper-slide\" role=\"group\" aria-roledescription=\"slide\" aria-label=\"9 of 10\"><figure class=\"swiper-slide-inner\"><img decoding=\"async\" class=\"swiper-slide-image\" src=\"https:\/\/yes.bf\/wp-content\/uploads\/2022\/08\/Slide10-01.jpg\" alt=\"\" \/><\/figure><\/div><div class=\"swiper-slide\" role=\"group\" aria-roledescription=\"slide\" aria-label=\"10 of 10\"><figure class=\"swiper-slide-inner\"><img decoding=\"async\" class=\"swiper-slide-image\" src=\"https:\/\/yes.bf\/wp-content\/uploads\/2022\/08\/Slide11-01.jpg\" alt=\"\" \/><\/figure><\/div>\t\t\t<\/div>\n\t\t\t\t\t\t\t\n\t\t\t\t\t\t\t\t\t<\/div>\n\t\t\t\t\t\t<\/div>\n\t\t\t\t<\/div>\n\t\t<div class=\"elementor-element elementor-element-a1b0300 e-grid e-con-boxed e-con e-parent\" data-id=\"a1b0300\" data-element_type=\"container\">\n\t\t\t\t\t<div class=\"e-con-inner\">\n\t\t\t\t<div class=\"elementor-element elementor-element-318599d elementor--h-position-center elementor--v-position-middle elementor-widget elementor-widget-slides\" data-id=\"318599d\" data-element_type=\"widget\" data-settings=\"{&quot;navigation&quot;:&quot;none&quot;,&quot;autoplay&quot;:&quot;yes&quot;,&quot;pause_on_hover&quot;:&quot;yes&quot;,&quot;pause_on_interaction&quot;:&quot;yes&quot;,&quot;autoplay_speed&quot;:5000,&quot;infinite&quot;:&quot;yes&quot;,&quot;transition&quot;:&quot;slide&quot;,&quot;transition_speed&quot;:500}\" data-widget_type=\"slides.default\">\n\t\t\t\t<div class=\"elementor-widget-container\">\n\t\t\t\t\t\t\t\t\t<div class=\"elementor-swiper\">\n\t\t\t\t\t<div class=\"elementor-slides-wrapper elementor-main-swiper swiper\" role=\"region\" aria-roledescription=\"carousel\" aria-label=\"Slides\" dir=\"ltr\" data-animation=\"fadeInUp\">\n\t\t\t\t<div class=\"swiper-wrapper elementor-slides\">\n\t\t\t\t\t\t\t\t\t\t<div class=\"elementor-repeater-item-5ef040d swiper-slide\" role=\"group\" aria-roledescription=\"slide\"><div class=\"swiper-slide-bg\" role=\"img\"><\/div><div class=\"swiper-slide-inner\" ><div class=\"swiper-slide-contents\"><div class=\"elementor-slide-heading\">Depuis 2009<\/div><\/div><\/div><\/div><div class=\"elementor-repeater-item-002f04e swiper-slide\" role=\"group\" aria-roledescription=\"slide\"><div class=\"swiper-slide-bg\" role=\"img\"><\/div><div class=\"swiper-slide-inner\" ><div class=\"swiper-slide-contents\"><div class=\"elementor-slide-heading\">690 Diplom\u00e9s<\/div><\/div><\/div><\/div><div class=\"elementor-repeater-item-4a5b182 swiper-slide\" role=\"group\" aria-roledescription=\"slide\"><div class=\"swiper-slide-bg\" role=\"img\"><\/div><div class=\"swiper-slide-inner\" ><div class=\"swiper-slide-contents\"><div class=\"elementor-slide-heading\">532 Employ\u00e9s<\/div><\/div><\/div><\/div>\t\t\t\t<\/div>\n\t\t\t\t\t\t\t\t\t\t\t\t\t\t\t\t\t\t\t\t\t<\/div>\n\t\t\t\t<\/div>\n\t\t\t\t\t\t\t\t<\/div>\n\t\t\t\t<\/div>\n\t\t\t\t<div class=\"elementor-element elementor-element-354f7815 elementor-widget elementor-widget-image\" data-id=\"354f7815\" data-element_type=\"widget\" data-widget_type=\"image.default\">\n\t\t\t\t<div class=\"elementor-widget-container\">\n\t\t\t\t\t\t\t\t\t\t\t\t\t\t\t<img decoding=\"async\" width=\"319\" height=\"126\" src=\"https:\/\/yes.bf\/wp-content\/uploads\/2023\/06\/Former-04.png\" class=\"attachment-large size-large wp-image-312\" alt=\"\" srcset=\"https:\/\/yes.bf\/wp-content\/uploads\/2023\/06\/Former-04.png 319w, https:\/\/yes.bf\/wp-content\/uploads\/2023\/06\/Former-04-300x118.png 300w, https:\/\/yes.bf\/wp-content\/uploads\/2023\/06\/Former-04-18x7.png 18w\" sizes=\"(max-width: 319px) 100vw, 319px\" \/>\t\t\t\t\t\t\t\t\t\t\t\t\t\t\t<\/div>\n\t\t\t\t<\/div>\n\t\t\t\t\t<\/div>\n\t\t\t\t<\/div>\n\t\t<div class=\"elementor-element elementor-element-7b72c378 e-flex e-con-boxed e-con e-parent\" data-id=\"7b72c378\" data-element_type=\"container\">\n\t\t\t\t\t<div class=\"e-con-inner\">\n\t\t\t\t<div class=\"elementor-element elementor-element-11c08866 elementor-widget elementor-widget-heading\" data-id=\"11c08866\" data-element_type=\"widget\" data-widget_type=\"heading.default\">\n\t\t\t\t<div class=\"elementor-widget-container\">\n\t\t\t\t\t<h2 class=\"elementor-heading-title elementor-size-default\">Laissez-vous Inspirer<\/h2>\t\t\t\t<\/div>\n\t\t\t\t<\/div>\n\t\t\t\t<div class=\"elementor-element elementor-element-46626686 elementor-grid-2 elementor-grid-tablet-2 elementor-grid-mobile-1 elementor-posts--thumbnail-top elementor-card-shadow-yes elementor-posts__hover-gradient elementor-widget elementor-widget-posts\" data-id=\"46626686\" data-element_type=\"widget\" data-settings=\"{&quot;cards_columns&quot;:&quot;2&quot;,&quot;pagination_type&quot;:&quot;numbers&quot;,&quot;cards_columns_tablet&quot;:&quot;2&quot;,&quot;cards_columns_mobile&quot;:&quot;1&quot;,&quot;cards_row_gap&quot;:{&quot;unit&quot;:&quot;px&quot;,&quot;size&quot;:35,&quot;sizes&quot;:[]},&quot;cards_row_gap_tablet&quot;:{&quot;unit&quot;:&quot;px&quot;,&quot;size&quot;:&quot;&quot;,&quot;sizes&quot;:[]},&quot;cards_row_gap_mobile&quot;:{&quot;unit&quot;:&quot;px&quot;,&quot;size&quot;:&quot;&quot;,&quot;sizes&quot;:[]}}\" data-widget_type=\"posts.cards\">\n\t\t\t\t<div class=\"elementor-widget-container\">\n\t\t\t\t\t\t\t<div class=\"elementor-posts-container elementor-posts elementor-posts--skin-cards elementor-grid\" role=\"list\">\n\t\t\t\t<article class=\"elementor-post elementor-grid-item post-1164 post type-post status-publish format-standard has-post-thumbnail hentry category-skills-development\" role=\"listitem\">\n\t\t\t<div class=\"elementor-post__card\">\n\t\t\t\t<a class=\"elementor-post__thumbnail__link\" href=\"https:\/\/yes.bf\/fr\/cfpc-shines-again-in-cqp-exams-with-100-success-rate\/\" tabindex=\"-1\" ><div class=\"elementor-post__thumbnail\"><img fetchpriority=\"high\" decoding=\"async\" width=\"300\" height=\"200\" src=\"https:\/\/yes.bf\/wp-content\/uploads\/2024\/06\/Folio2-01-300x200.jpg\" class=\"attachment-medium size-medium wp-image-1162\" alt=\"\" srcset=\"https:\/\/yes.bf\/wp-content\/uploads\/2024\/06\/Folio2-01-300x200.jpg 300w, https:\/\/yes.bf\/wp-content\/uploads\/2024\/06\/Folio2-01-1024x683.jpg 1024w, https:\/\/yes.bf\/wp-content\/uploads\/2024\/06\/Folio2-01-768x512.jpg 768w, https:\/\/yes.bf\/wp-content\/uploads\/2024\/06\/Folio2-01-18x12.jpg 18w, https:\/\/yes.bf\/wp-content\/uploads\/2024\/06\/Folio2-01.jpg 1080w\" sizes=\"(max-width: 300px) 100vw, 300px\" \/><\/div><\/a>\n\t\t\t\t<div class=\"elementor-post__text\">\n\t\t\t\t<h3 class=\"elementor-post__title\">\n\t\t\t<a href=\"https:\/\/yes.bf\/fr\/cfpc-shines-again-in-cqp-exams-with-100-success-rate\/\" >\n\t\t\t\tLe CFPC Brille Encore  aux Examens du CQP avec un Taux de R\u00e9ussite de 100%\t\t\t<\/a>\n\t\t<\/h3>\n\t\t\n\t\t<a class=\"elementor-post__read-more\" href=\"https:\/\/yes.bf\/fr\/cfpc-shines-again-in-cqp-exams-with-100-success-rate\/\" aria-label=\"En savoir plus sur CFPC Shines Again in CQP Exams with 100% Success Rate\" tabindex=\"-1\" >\n\t\t\tRead the awesome story \u00bb\t\t<\/a>\n\n\t\t\t\t<\/div>\n\t\t\t\t<div class=\"elementor-post__meta-data\">\n\t\t\t\t\t<span class=\"elementor-post-date\">\n\t\t\t25 Juin, 2024\t\t<\/span>\n\t\t\t\t<\/div>\n\t\t\t\t\t<\/div>\n\t\t<\/article>\n\t\t\t\t<article class=\"elementor-post elementor-grid-item post-1140 post type-post status-publish format-standard has-post-thumbnail hentry category-skills-development\" role=\"listitem\">\n\t\t\t<div class=\"elementor-post__card\">\n\t\t\t\t<a class=\"elementor-post__thumbnail__link\" href=\"https:\/\/yes.bf\/fr\/cfpc-and-students-volunteer-to-repair-nabrabogos-csps-amid-rainy-season-challenges\/\" tabindex=\"-1\" ><div class=\"elementor-post__thumbnail\"><img decoding=\"async\" width=\"300\" height=\"200\" src=\"https:\/\/yes.bf\/wp-content\/uploads\/2023\/07\/FBFolio-06-300x200.jpg\" class=\"attachment-medium size-medium wp-image-1146\" alt=\"\" srcset=\"https:\/\/yes.bf\/wp-content\/uploads\/2023\/07\/FBFolio-06-300x200.jpg 300w, https:\/\/yes.bf\/wp-content\/uploads\/2023\/07\/FBFolio-06-1024x683.jpg 1024w, https:\/\/yes.bf\/wp-content\/uploads\/2023\/07\/FBFolio-06-768x512.jpg 768w, https:\/\/yes.bf\/wp-content\/uploads\/2023\/07\/FBFolio-06-18x12.jpg 18w, https:\/\/yes.bf\/wp-content\/uploads\/2023\/07\/FBFolio-06.jpg 1080w\" sizes=\"(max-width: 300px) 100vw, 300px\" \/><\/div><\/a>\n\t\t\t\t<div class=\"elementor-post__text\">\n\t\t\t\t<h3 class=\"elementor-post__title\">\n\t\t\t<a href=\"https:\/\/yes.bf\/fr\/cfpc-and-students-volunteer-to-repair-nabrabogos-csps-amid-rainy-season-challenges\/\" >\n\t\t\t\tCFPC and Students Volunteer to Repair Nabrabogo&#8217;s CSPS Amid Rainy Season Challenges\t\t\t<\/a>\n\t\t<\/h3>\n\t\t\n\t\t<a class=\"elementor-post__read-more\" href=\"https:\/\/yes.bf\/fr\/cfpc-and-students-volunteer-to-repair-nabrabogos-csps-amid-rainy-season-challenges\/\" aria-label=\"En savoir plus sur CFPC and Students Volunteer to Repair Nabrabogo&#8217;s CSPS Amid Rainy Season Challenges\" tabindex=\"-1\" >\n\t\t\tRead the awesome story \u00bb\t\t<\/a>\n\n\t\t\t\t<\/div>\n\t\t\t\t<div class=\"elementor-post__meta-data\">\n\t\t\t\t\t<span class=\"elementor-post-date\">\n\t\t\t13 Juil, 2023\t\t<\/span>\n\t\t\t\t<\/div>\n\t\t\t\t\t<\/div>\n\t\t<\/article>\n\t\t\t\t<\/div>\n\t\t\n\t\t\t\t<div class=\"e-load-more-anchor\" data-page=\"1\" data-max-page=\"3\" data-next-page=\"https:\/\/yes.bf\/fr\/wp-json\/wp\/v2\/pages\/24\/page\/2\/\"><\/div>\n\t\t\t\t<nav class=\"elementor-pagination\" aria-label=\"Pagination\">\n\t\t\t<span aria-current=\"page\" class=\"page-numbers current\"><span class=\"elementor-screen-only\">Page<\/span>1<\/span>\n<a class=\"page-numbers\" href=\"https:\/\/yes.bf\/fr\/wp-json\/wp\/v2\/pages\/24\/page\/2\/\"><span class=\"elementor-screen-only\">Page<\/span>2<\/a>\n<a class=\"page-numbers\" href=\"https:\/\/yes.bf\/fr\/wp-json\/wp\/v2\/pages\/24\/page\/3\/\"><span class=\"elementor-screen-only\">Page<\/span>3<\/a>\t\t<\/nav>\n\t\t\t\t\t\t<\/div>\n\t\t\t\t<\/div>\n\t\t\t\t\t<\/div>\n\t\t\t\t<\/div>\n\t\t\t\t<\/div>\n\t\t<div class=\"elementor-element elementor-element-27c0357c e-con-full e-flex e-con e-parent\" data-id=\"27c0357c\" data-element_type=\"container\">\n\t\t\t\t<div class=\"elementor-element elementor-element-52dca101 elementor-widget elementor-widget-heading\" data-id=\"52dca101\" data-element_type=\"widget\" data-widget_type=\"heading.default\">\n\t\t\t\t<div class=\"elementor-widget-container\">\n\t\t\t\t\t<h2 class=\"elementor-heading-title elementor-size-default\">Nos valeurs cl\u00e9s<\/h2>\t\t\t\t<\/div>\n\t\t\t\t<\/div>\n\t\t<div class=\"elementor-element elementor-element-75ff6826 e-flex e-con-boxed e-con e-parent\" data-id=\"75ff6826\" data-element_type=\"container\" data-settings=\"{&quot;background_background&quot;:&quot;classic&quot;}\">\n\t\t\t\t\t<div class=\"e-con-inner\">\n\t\t\t\t\t<\/div>\n\t\t\t\t<\/div>\n\t\t\t\t<div class=\"elementor-element elementor-element-4ea31b6f elementor-widget elementor-widget-text-editor\" data-id=\"4ea31b6f\" data-element_type=\"widget\" data-widget_type=\"text-editor.default\">\n\t\t\t\t<div class=\"elementor-widget-container\">\n\t\t\t\t\t\t\t\t\t<ol><li><p><strong>Renforcement des capacit\u00e9s :<\/strong> Nous croyons au potentiel inh\u00e9rent de chaque individu et nous nous effor\u00e7ons de leur donner les moyens de prendre leur vie en main. Nous fournissons les outils, les connaissances et les ressources n\u00e9cessaires au d\u00e9veloppement personnel et professionnel, en favorisant un sentiment d'estime de soi, d'ind\u00e9pendance et de confiance.<\/p><\/li><li><p><strong>Egalit\u00e9:<\/strong> Nous nous engageons \u00e0 promouvoir l'\u00e9galit\u00e9 et l'inclusion dans tous les aspects de notre travail. Nous valorisons la diversit\u00e9 et veillons \u00e0 ce que nos programmes soient accessibles et profitables aux personnes de tous horizons, ind\u00e9pendamment de leur sexe, de leur appartenance ethnique ou de leur statut socio-\u00e9conomique.<\/p><\/li><li><p><strong>Int\u00e9grit\u00e9:<\/strong> Nous respectons les normes d'int\u00e9grit\u00e9 et d'\u00e9thique les plus \u00e9lev\u00e9es dans tout ce que nous faisons. Nous sommes transparents, responsables et engag\u00e9s dans une gestion responsable des ressources. Nous instaurons un climat de confiance avec nos b\u00e9n\u00e9ficiaires, nos partenaires et nos sympathisants gr\u00e2ce \u00e0 une communication honn\u00eate et respectueuse.<\/p><\/li><li><p><strong>Collaboration:<\/strong> Nous reconnaissons le pouvoir de la collaboration et recherchons activement des partenariats avec des organisations, des agences gouvernementales et des membres de la communaut\u00e9 partageant les m\u00eames id\u00e9es. En travaillant ensemble, nous pouvons amplifier notre impact et cr\u00e9er un changement durable.<\/p><\/li><li><p><strong>Innovation:<\/strong> Nous encourageons l'innovation et l'am\u00e9lioration continue de nos programmes et de nos approches. Nous nous effor\u00e7ons de nous adapter \u00e0 l'\u00e9volution des besoins et des tendances, en tirant parti des nouvelles technologies et m\u00e9thodologies pour am\u00e9liorer l'efficacit\u00e9 et la pertinence de nos interventions.<\/p><\/li><li><p><strong>Impact Social:<\/strong> Nous sommes anim\u00e9s par un engagement profond en faveur d'un changement social positif. Nous mesurons notre succ\u00e8s non seulement par le nombre de personnes que nous atteignons, mais aussi par l'impact tangible et durable que nous avons dans la vie de nos b\u00e9n\u00e9ficiaires et de la communaut\u00e9 au sens large.<\/p><\/li><li><p><strong>R\u00e9silience:<\/strong> Nous comprenons les d\u00e9fis auxquels sont confront\u00e9s les jeunes et les femmes vuln\u00e9rables ainsi que les communaut\u00e9s que nous servons. Nous favorisons la r\u00e9silience en dotant les individus des comp\u00e9tences et de l'\u00e9tat d'esprit n\u00e9cessaires pour surmonter les obstacles, s'adapter au changement et s'\u00e9panouir face \u00e0 l'adversit\u00e9.<\/p><\/li><\/ol><p>Ces valeurs fondamentales guident nos actions, nos d\u00e9cisions et nos interactions dans le cadre de notre mission et de notre vision.<\/p>\t\t\t\t\t\t\t\t<\/div>\n\t\t\t\t<\/div>\n\t\t<div class=\"elementor-element elementor-element-41a5621b e-flex e-con-boxed e-con e-parent\" data-id=\"41a5621b\" data-element_type=\"container\" data-settings=\"{&quot;background_background&quot;:&quot;classic&quot;}\">\n\t\t\t\t\t<div class=\"e-con-inner\">\n\t\t\t\t\t<\/div>\n\t\t\t\t<\/div>\n\t\t\t\t<div class=\"elementor-element elementor-element-55d04ba8 elementor-widget elementor-widget-image\" data-id=\"55d04ba8\" data-element_type=\"widget\" data-widget_type=\"image.default\">\n\t\t\t\t<div class=\"elementor-widget-container\">\n\t\t\t\t\t\t\t\t\t\t\t\t\t\t\t\t<a href=\"https:\/\/cfpc.bf\">\n\t\t\t\t\t\t\t<img loading=\"lazy\" decoding=\"async\" width=\"601\" height=\"101\" src=\"https:\/\/yes.bf\/wp-content\/uploads\/2022\/08\/cfpc-09.jpg\" class=\"attachment-large size-large wp-image-505\" alt=\"\" srcset=\"https:\/\/yes.bf\/wp-content\/uploads\/2022\/08\/cfpc-09.jpg 601w, https:\/\/yes.bf\/wp-content\/uploads\/2022\/08\/cfpc-09-300x50.jpg 300w\" sizes=\"(max-width: 601px) 100vw, 601px\" \/>\t\t\t\t\t\t\t\t<\/a>\n\t\t\t\t\t\t\t\t\t\t\t\t\t\t\t<\/div>\n\t\t\t\t<\/div>\n\t\t\t\t<div class=\"elementor-element elementor-element-73f1cb93 elementor-widget elementor-widget-image\" data-id=\"73f1cb93\" data-element_type=\"widget\" data-widget_type=\"image.default\">\n\t\t\t\t<div class=\"elementor-widget-container\">\n\t\t\t\t\t\t\t\t\t\t\t\t\t\t\t\t<a href=\"https:\/\/yes.bf\/fr\/burkina-faso\/\">\n\t\t\t\t\t\t\t<img loading=\"lazy\" decoding=\"async\" width=\"601\" height=\"101\" src=\"https:\/\/yes.bf\/wp-content\/uploads\/2023\/06\/Burkina-06.png\" class=\"attachment-large size-large wp-image-333\" alt=\"\" srcset=\"https:\/\/yes.bf\/wp-content\/uploads\/2023\/06\/Burkina-06.png 601w, https:\/\/yes.bf\/wp-content\/uploads\/2023\/06\/Burkina-06-300x50.png 300w, https:\/\/yes.bf\/wp-content\/uploads\/2023\/06\/Burkina-06-18x3.png 18w\" sizes=\"(max-width: 601px) 100vw, 601px\" \/>\t\t\t\t\t\t\t\t<\/a>\n\t\t\t\t\t\t\t\t\t\t\t\t\t\t\t<\/div>\n\t\t\t\t<\/div>\n\t\t\t\t<\/div>\n\t\t\t\t\t<\/div>\n\t\t\t\t<\/div>\n\t\t\t\t<\/div>","protected":false},"excerpt":{"rendered":"<p>Since 2009690 Graduates532 Employed Discover Awesome Stories Our Core Values<\/p>","protected":false},"author":1,"featured_media":0,"parent":0,"menu_order":0,"comment_status":"closed","ping_status":"closed","template":"","meta":{"footnotes":""},"class_list":["post-24","page","type-page","status-publish","hentry"],"_links":{"self":[{"href":"https:\/\/yes.bf\/fr\/wp-json\/wp\/v2\/pages\/24","targetHints":{"allow":["GET"]}}],"collection":[{"href":"https:\/\/yes.bf\/fr\/wp-json\/wp\/v2\/pages"}],"about":[{"href":"https:\/\/yes.bf\/fr\/wp-json\/wp\/v2\/types\/page"}],"author":[{"embeddable":true,"href":"https:\/\/yes.bf\/fr\/wp-json\/wp\/v2\/users\/1"}],"replies":[{"embeddable":true,"href":"https:\/\/yes.bf\/fr\/wp-json\/wp\/v2\/comments?post=24"}],"version-history":[{"count":10,"href":"https:\/\/yes.bf\/fr\/wp-json\/wp\/v2\/pages\/24\/revisions"}],"predecessor-version":[{"id":1039,"href":"https:\/\/yes.bf\/fr\/wp-json\/wp\/v2\/pages\/24\/revisions\/1039"}],"wp:attachment":[{"href":"https:\/\/yes.bf\/fr\/wp-json\/wp\/v2\/media?parent=24"}],"curies":[{"name":"wp","href":"https:\/\/api.w.org\/{rel}","templated":true}]}}