{"id":30,"date":"2023-05-30T08:26:50","date_gmt":"2023-05-30T08:26:50","guid":{"rendered":"https:\/\/yes.bf\/?page_id=30"},"modified":"2023-06-02T06:22:04","modified_gmt":"2023-06-02T06:22:04","slug":"employment-decent-work-peace-resilience","status":"publish","type":"page","link":"https:\/\/yes.bf\/fr\/employment-decent-work-peace-resilience\/","title":{"rendered":"Employment and Decent Work For Peace And Resilience"},"content":{"rendered":"<div data-elementor-type=\"wp-page\" data-elementor-id=\"30\" class=\"elementor elementor-30\" data-elementor-post-type=\"page\">\n\t\t\t\t<div class=\"elementor-element elementor-element-58287ef6 e-flex e-con-boxed e-con e-parent\" data-id=\"58287ef6\" data-element_type=\"container\">\n\t\t\t\t\t<div class=\"e-con-inner\">\n\t\t<div class=\"elementor-element elementor-element-324f080f e-con-full e-flex e-con e-parent\" data-id=\"324f080f\" data-element_type=\"container\">\n\t\t\t\t<div class=\"elementor-element elementor-element-3e7a80ba elementor-widget elementor-widget-image-carousel\" data-id=\"3e7a80ba\" data-element_type=\"widget\" data-settings=\"{&quot;slides_to_show&quot;:&quot;1&quot;,&quot;navigation&quot;:&quot;none&quot;,&quot;effect&quot;:&quot;fade&quot;,&quot;autoplay&quot;:&quot;yes&quot;,&quot;pause_on_hover&quot;:&quot;yes&quot;,&quot;pause_on_interaction&quot;:&quot;yes&quot;,&quot;autoplay_speed&quot;:5000,&quot;infinite&quot;:&quot;yes&quot;,&quot;speed&quot;:500}\" data-widget_type=\"image-carousel.default\">\n\t\t\t\t<div class=\"elementor-widget-container\">\n\t\t\t\t\t\t\t<div class=\"elementor-image-carousel-wrapper swiper\" role=\"region\" aria-roledescription=\"carousel\" aria-label=\"Image Carousel\" dir=\"ltr\">\n\t\t\t<div class=\"elementor-image-carousel swiper-wrapper\" aria-live=\"off\">\n\t\t\t\t\t\t\t\t<div class=\"swiper-slide\" role=\"group\" aria-roledescription=\"slide\" aria-label=\"1 of 10\"><figure class=\"swiper-slide-inner\"><img decoding=\"async\" class=\"swiper-slide-image\" src=\"https:\/\/yes.bf\/wp-content\/uploads\/2022\/08\/Slide2-01.jpg\" alt=\"\" \/><\/figure><\/div><div class=\"swiper-slide\" role=\"group\" aria-roledescription=\"slide\" aria-label=\"2 of 10\"><figure class=\"swiper-slide-inner\"><img decoding=\"async\" class=\"swiper-slide-image\" src=\"https:\/\/yes.bf\/wp-content\/uploads\/2022\/08\/Slide3-01.jpg\" alt=\"\" \/><\/figure><\/div><div class=\"swiper-slide\" role=\"group\" aria-roledescription=\"slide\" aria-label=\"3 of 10\"><figure class=\"swiper-slide-inner\"><img decoding=\"async\" class=\"swiper-slide-image\" src=\"https:\/\/yes.bf\/wp-content\/uploads\/2022\/08\/Slide4-01.jpg\" alt=\"\" \/><\/figure><\/div><div class=\"swiper-slide\" role=\"group\" aria-roledescription=\"slide\" aria-label=\"4 of 10\"><figure class=\"swiper-slide-inner\"><img decoding=\"async\" class=\"swiper-slide-image\" src=\"https:\/\/yes.bf\/wp-content\/uploads\/2022\/08\/Slide5-01.jpg\" alt=\"\" \/><\/figure><\/div><div class=\"swiper-slide\" role=\"group\" aria-roledescription=\"slide\" aria-label=\"5 of 10\"><figure class=\"swiper-slide-inner\"><img decoding=\"async\" class=\"swiper-slide-image\" src=\"https:\/\/yes.bf\/wp-content\/uploads\/2022\/08\/Slide6-01.jpg\" alt=\"\" \/><\/figure><\/div><div class=\"swiper-slide\" role=\"group\" aria-roledescription=\"slide\" aria-label=\"6 of 10\"><figure class=\"swiper-slide-inner\"><img decoding=\"async\" class=\"swiper-slide-image\" src=\"https:\/\/yes.bf\/wp-content\/uploads\/2022\/08\/Slide7-01.jpg\" alt=\"\" \/><\/figure><\/div><div class=\"swiper-slide\" role=\"group\" aria-roledescription=\"slide\" aria-label=\"7 of 10\"><figure class=\"swiper-slide-inner\"><img decoding=\"async\" class=\"swiper-slide-image\" src=\"https:\/\/yes.bf\/wp-content\/uploads\/2022\/08\/Slide8-01.jpg\" alt=\"\" \/><\/figure><\/div><div class=\"swiper-slide\" role=\"group\" aria-roledescription=\"slide\" aria-label=\"8 of 10\"><figure class=\"swiper-slide-inner\"><img decoding=\"async\" class=\"swiper-slide-image\" src=\"https:\/\/yes.bf\/wp-content\/uploads\/2022\/08\/Slide9-01.jpg\" alt=\"\" \/><\/figure><\/div><div class=\"swiper-slide\" role=\"group\" aria-roledescription=\"slide\" aria-label=\"9 of 10\"><figure class=\"swiper-slide-inner\"><img decoding=\"async\" class=\"swiper-slide-image\" src=\"https:\/\/yes.bf\/wp-content\/uploads\/2022\/08\/Slide10-01.jpg\" alt=\"\" \/><\/figure><\/div><div class=\"swiper-slide\" role=\"group\" aria-roledescription=\"slide\" aria-label=\"10 of 10\"><figure class=\"swiper-slide-inner\"><img decoding=\"async\" class=\"swiper-slide-image\" src=\"https:\/\/yes.bf\/wp-content\/uploads\/2022\/08\/Slide11-01.jpg\" alt=\"\" \/><\/figure><\/div>\t\t\t<\/div>\n\t\t\t\t\t\t\t\n\t\t\t\t\t\t\t\t\t<\/div>\n\t\t\t\t\t\t<\/div>\n\t\t\t\t<\/div>\n\t\t<div class=\"elementor-element elementor-element-5238a60b e-grid e-con-boxed e-con e-parent\" data-id=\"5238a60b\" data-element_type=\"container\">\n\t\t\t\t\t<div class=\"e-con-inner\">\n\t\t\t\t<div class=\"elementor-element elementor-element-3063e37f elementor--h-position-center elementor--v-position-middle elementor-widget elementor-widget-slides\" data-id=\"3063e37f\" data-element_type=\"widget\" data-settings=\"{&quot;navigation&quot;:&quot;none&quot;,&quot;autoplay&quot;:&quot;yes&quot;,&quot;pause_on_hover&quot;:&quot;yes&quot;,&quot;pause_on_interaction&quot;:&quot;yes&quot;,&quot;autoplay_speed&quot;:5000,&quot;infinite&quot;:&quot;yes&quot;,&quot;transition&quot;:&quot;slide&quot;,&quot;transition_speed&quot;:500}\" data-widget_type=\"slides.default\">\n\t\t\t\t<div class=\"elementor-widget-container\">\n\t\t\t\t\t\t\t\t\t<div class=\"elementor-swiper\">\n\t\t\t\t\t<div class=\"elementor-slides-wrapper elementor-main-swiper swiper\" role=\"region\" aria-roledescription=\"carousel\" aria-label=\"Slides\" dir=\"ltr\" data-animation=\"fadeInUp\">\n\t\t\t\t<div class=\"swiper-wrapper elementor-slides\">\n\t\t\t\t\t\t\t\t\t\t<div class=\"elementor-repeater-item-5ef040d swiper-slide\" role=\"group\" aria-roledescription=\"slide\"><div class=\"swiper-slide-bg\" role=\"img\"><\/div><div class=\"swiper-slide-inner\" ><div class=\"swiper-slide-contents\"><div class=\"elementor-slide-heading\">Depuis 2009<\/div><\/div><\/div><\/div><div class=\"elementor-repeater-item-002f04e swiper-slide\" role=\"group\" aria-roledescription=\"slide\"><div class=\"swiper-slide-bg\" role=\"img\"><\/div><div class=\"swiper-slide-inner\" ><div class=\"swiper-slide-contents\"><div class=\"elementor-slide-heading\">690 Diplom\u00e9s<\/div><\/div><\/div><\/div><div class=\"elementor-repeater-item-4a5b182 swiper-slide\" role=\"group\" aria-roledescription=\"slide\"><div class=\"swiper-slide-bg\" role=\"img\"><\/div><div class=\"swiper-slide-inner\" ><div class=\"swiper-slide-contents\"><div class=\"elementor-slide-heading\">532 Employ\u00e9s<\/div><\/div><\/div><\/div>\t\t\t\t<\/div>\n\t\t\t\t\t\t\t\t\t\t\t\t\t\t\t\t\t\t\t\t\t<\/div>\n\t\t\t\t<\/div>\n\t\t\t\t\t\t\t\t<\/div>\n\t\t\t\t<\/div>\n\t\t\t\t<div class=\"elementor-element elementor-element-5a4a55bf elementor-widget elementor-widget-image\" data-id=\"5a4a55bf\" data-element_type=\"widget\" data-widget_type=\"image.default\">\n\t\t\t\t<div class=\"elementor-widget-container\">\n\t\t\t\t\t\t\t\t\t\t\t\t\t\t\t<img decoding=\"async\" width=\"319\" height=\"126\" src=\"https:\/\/yes.bf\/wp-content\/uploads\/2023\/06\/Former-04.png\" class=\"attachment-large size-large wp-image-312\" alt=\"\" srcset=\"https:\/\/yes.bf\/wp-content\/uploads\/2023\/06\/Former-04.png 319w, https:\/\/yes.bf\/wp-content\/uploads\/2023\/06\/Former-04-300x118.png 300w, https:\/\/yes.bf\/wp-content\/uploads\/2023\/06\/Former-04-18x7.png 18w\" sizes=\"(max-width: 319px) 100vw, 319px\" \/>\t\t\t\t\t\t\t\t\t\t\t\t\t\t\t<\/div>\n\t\t\t\t<\/div>\n\t\t\t\t\t<\/div>\n\t\t\t\t<\/div>\n\t\t<div class=\"elementor-element elementor-element-58428b88 e-flex e-con-boxed e-con e-parent\" data-id=\"58428b88\" data-element_type=\"container\">\n\t\t\t\t\t<div class=\"e-con-inner\">\n\t\t\t\t<div class=\"elementor-element elementor-element-7b87a88c elementor-widget elementor-widget-heading\" data-id=\"7b87a88c\" data-element_type=\"widget\" data-widget_type=\"heading.default\">\n\t\t\t\t<div class=\"elementor-widget-container\">\n\t\t\t\t\t<h2 class=\"elementor-heading-title elementor-size-default\">Laissez-vous Inspirer<\/h2>\t\t\t\t<\/div>\n\t\t\t\t<\/div>\n\t\t\t\t<div class=\"elementor-element elementor-element-6df831eb elementor-grid-2 elementor-grid-tablet-2 elementor-grid-mobile-1 elementor-posts--thumbnail-top elementor-card-shadow-yes elementor-posts__hover-gradient elementor-widget elementor-widget-posts\" data-id=\"6df831eb\" data-element_type=\"widget\" data-settings=\"{&quot;cards_columns&quot;:&quot;2&quot;,&quot;pagination_type&quot;:&quot;numbers&quot;,&quot;cards_columns_tablet&quot;:&quot;2&quot;,&quot;cards_columns_mobile&quot;:&quot;1&quot;,&quot;cards_row_gap&quot;:{&quot;unit&quot;:&quot;px&quot;,&quot;size&quot;:35,&quot;sizes&quot;:[]},&quot;cards_row_gap_tablet&quot;:{&quot;unit&quot;:&quot;px&quot;,&quot;size&quot;:&quot;&quot;,&quot;sizes&quot;:[]},&quot;cards_row_gap_mobile&quot;:{&quot;unit&quot;:&quot;px&quot;,&quot;size&quot;:&quot;&quot;,&quot;sizes&quot;:[]}}\" data-widget_type=\"posts.cards\">\n\t\t\t\t<div class=\"elementor-widget-container\">\n\t\t\t\t\t\t\t<div class=\"elementor-posts-container elementor-posts elementor-posts--skin-cards elementor-grid\" role=\"list\">\n\t\t\t\t<article class=\"elementor-post elementor-grid-item post-1164 post type-post status-publish format-standard has-post-thumbnail hentry category-skills-development\" role=\"listitem\">\n\t\t\t<div class=\"elementor-post__card\">\n\t\t\t\t<a class=\"elementor-post__thumbnail__link\" href=\"https:\/\/yes.bf\/fr\/cfpc-shines-again-in-cqp-exams-with-100-success-rate\/\" tabindex=\"-1\" ><div class=\"elementor-post__thumbnail\"><img fetchpriority=\"high\" decoding=\"async\" width=\"300\" height=\"200\" src=\"https:\/\/yes.bf\/wp-content\/uploads\/2024\/06\/Folio2-01-300x200.jpg\" class=\"attachment-medium size-medium wp-image-1162\" alt=\"\" srcset=\"https:\/\/yes.bf\/wp-content\/uploads\/2024\/06\/Folio2-01-300x200.jpg 300w, https:\/\/yes.bf\/wp-content\/uploads\/2024\/06\/Folio2-01-1024x683.jpg 1024w, https:\/\/yes.bf\/wp-content\/uploads\/2024\/06\/Folio2-01-768x512.jpg 768w, https:\/\/yes.bf\/wp-content\/uploads\/2024\/06\/Folio2-01-18x12.jpg 18w, https:\/\/yes.bf\/wp-content\/uploads\/2024\/06\/Folio2-01.jpg 1080w\" sizes=\"(max-width: 300px) 100vw, 300px\" \/><\/div><\/a>\n\t\t\t\t<div class=\"elementor-post__text\">\n\t\t\t\t<h3 class=\"elementor-post__title\">\n\t\t\t<a href=\"https:\/\/yes.bf\/fr\/cfpc-shines-again-in-cqp-exams-with-100-success-rate\/\" >\n\t\t\t\tLe CFPC Brille Encore  aux Examens du CQP avec un Taux de R\u00e9ussite de 100%\t\t\t<\/a>\n\t\t<\/h3>\n\t\t\n\t\t<a class=\"elementor-post__read-more\" href=\"https:\/\/yes.bf\/fr\/cfpc-shines-again-in-cqp-exams-with-100-success-rate\/\" aria-label=\"En savoir plus sur CFPC Shines Again in CQP Exams with 100% Success Rate\" tabindex=\"-1\" >\n\t\t\tRead the awesome story \u00bb\t\t<\/a>\n\n\t\t\t\t<\/div>\n\t\t\t\t<div class=\"elementor-post__meta-data\">\n\t\t\t\t\t<span class=\"elementor-post-date\">\n\t\t\t25 Juin, 2024\t\t<\/span>\n\t\t\t\t<\/div>\n\t\t\t\t\t<\/div>\n\t\t<\/article>\n\t\t\t\t<article class=\"elementor-post elementor-grid-item post-1140 post type-post status-publish format-standard has-post-thumbnail hentry category-skills-development\" role=\"listitem\">\n\t\t\t<div class=\"elementor-post__card\">\n\t\t\t\t<a class=\"elementor-post__thumbnail__link\" href=\"https:\/\/yes.bf\/fr\/cfpc-and-students-volunteer-to-repair-nabrabogos-csps-amid-rainy-season-challenges\/\" tabindex=\"-1\" ><div class=\"elementor-post__thumbnail\"><img decoding=\"async\" width=\"300\" height=\"200\" src=\"https:\/\/yes.bf\/wp-content\/uploads\/2023\/07\/FBFolio-06-300x200.jpg\" class=\"attachment-medium size-medium wp-image-1146\" alt=\"\" srcset=\"https:\/\/yes.bf\/wp-content\/uploads\/2023\/07\/FBFolio-06-300x200.jpg 300w, https:\/\/yes.bf\/wp-content\/uploads\/2023\/07\/FBFolio-06-1024x683.jpg 1024w, https:\/\/yes.bf\/wp-content\/uploads\/2023\/07\/FBFolio-06-768x512.jpg 768w, https:\/\/yes.bf\/wp-content\/uploads\/2023\/07\/FBFolio-06-18x12.jpg 18w, https:\/\/yes.bf\/wp-content\/uploads\/2023\/07\/FBFolio-06.jpg 1080w\" sizes=\"(max-width: 300px) 100vw, 300px\" \/><\/div><\/a>\n\t\t\t\t<div class=\"elementor-post__text\">\n\t\t\t\t<h3 class=\"elementor-post__title\">\n\t\t\t<a href=\"https:\/\/yes.bf\/fr\/cfpc-and-students-volunteer-to-repair-nabrabogos-csps-amid-rainy-season-challenges\/\" >\n\t\t\t\tCFPC and Students Volunteer to Repair Nabrabogo&#8217;s CSPS Amid Rainy Season Challenges\t\t\t<\/a>\n\t\t<\/h3>\n\t\t\n\t\t<a class=\"elementor-post__read-more\" href=\"https:\/\/yes.bf\/fr\/cfpc-and-students-volunteer-to-repair-nabrabogos-csps-amid-rainy-season-challenges\/\" aria-label=\"En savoir plus sur CFPC and Students Volunteer to Repair Nabrabogo&#8217;s CSPS Amid Rainy Season Challenges\" tabindex=\"-1\" >\n\t\t\tRead the awesome story \u00bb\t\t<\/a>\n\n\t\t\t\t<\/div>\n\t\t\t\t<div class=\"elementor-post__meta-data\">\n\t\t\t\t\t<span class=\"elementor-post-date\">\n\t\t\t13 Juil, 2023\t\t<\/span>\n\t\t\t\t<\/div>\n\t\t\t\t\t<\/div>\n\t\t<\/article>\n\t\t\t\t<\/div>\n\t\t\n\t\t\t\t<div class=\"e-load-more-anchor\" data-page=\"1\" data-max-page=\"3\" data-next-page=\"https:\/\/yes.bf\/fr\/wp-json\/wp\/v2\/pages\/30\/page\/2\/\"><\/div>\n\t\t\t\t<nav class=\"elementor-pagination\" aria-label=\"Pagination\">\n\t\t\t<span aria-current=\"page\" class=\"page-numbers current\"><span class=\"elementor-screen-only\">Page<\/span>1<\/span>\n<a class=\"page-numbers\" href=\"https:\/\/yes.bf\/fr\/wp-json\/wp\/v2\/pages\/30\/page\/2\/\"><span class=\"elementor-screen-only\">Page<\/span>2<\/a>\n<a class=\"page-numbers\" href=\"https:\/\/yes.bf\/fr\/wp-json\/wp\/v2\/pages\/30\/page\/3\/\"><span class=\"elementor-screen-only\">Page<\/span>3<\/a>\t\t<\/nav>\n\t\t\t\t\t\t<\/div>\n\t\t\t\t<\/div>\n\t\t\t\t\t<\/div>\n\t\t\t\t<\/div>\n\t\t\t\t<\/div>\n\t\t<div class=\"elementor-element elementor-element-4c0d039f e-con-full e-flex e-con e-parent\" data-id=\"4c0d039f\" data-element_type=\"container\">\n\t\t\t\t<div class=\"elementor-element elementor-element-5600276f elementor-widget elementor-widget-heading\" data-id=\"5600276f\" data-element_type=\"widget\" data-widget_type=\"heading.default\">\n\t\t\t\t<div class=\"elementor-widget-container\">\n\t\t\t\t\t<h2 class=\"elementor-heading-title elementor-size-default\">L'emploi et le travail d\u00e9cent au service de la paix et de la r\u00e9silience : Construire une soci\u00e9t\u00e9 plus forte<\/h2>\t\t\t\t<\/div>\n\t\t\t\t<\/div>\n\t\t<div class=\"elementor-element elementor-element-5fb72001 e-flex e-con-boxed e-con e-parent\" data-id=\"5fb72001\" data-element_type=\"container\" data-settings=\"{&quot;background_background&quot;:&quot;classic&quot;}\">\n\t\t\t\t\t<div class=\"e-con-inner\">\n\t\t\t\t\t<\/div>\n\t\t\t\t<\/div>\n\t\t\t\t<div class=\"elementor-element elementor-element-2a85d89b elementor-widget elementor-widget-text-editor\" data-id=\"2a85d89b\" data-element_type=\"widget\" data-widget_type=\"text-editor.default\">\n\t\t\t\t<div class=\"elementor-widget-container\">\n\t\t\t\t\t\t\t\t\t<p>Youth Empowerment Systems Foundation croit fermement que l'emploi et le travail d\u00e9cent sont des \u00e9l\u00e9ments essentiels pour favoriser la paix et la r\u00e9silience au sein d'une communaut\u00e9. Conform\u00e9ment \u00e0 cette vision, la fondation a lanc\u00e9 un programme \u00e0 fort impact ax\u00e9 sur la cr\u00e9ation d'opportunit\u00e9s d'emploi qui favorisent la paix et la r\u00e9silience \u00e0 Bouss\u00e9 et dans les zones recul\u00e9es du Burkina Faso. En s'attaquant aux facteurs sous-jacents qui contribuent \u00e0 l'instabilit\u00e9 sociale, tels que le ch\u00f4mage et les disparit\u00e9s \u00e9conomiques, ce programme vise \u00e0 responsabiliser les personnes vuln\u00e9rables, \u00e0 renforcer la coh\u00e9sion sociale et \u00e0 construire une soci\u00e9t\u00e9 plus r\u00e9siliente. Cet article explore l'importance de l'emploi et du travail d\u00e9cent dans la promotion de la paix et de la r\u00e9silience et souligne l'engagement de Youth Empowerment Systems Foundation \u00e0 cette cause.<\/p><p><strong>L'importance de l'emploi et du travail d\u00e9cent :<\/strong><\/p><p>L'emploi et le travail d\u00e9cent sont des piliers fondamentaux pour la construction d'une soci\u00e9t\u00e9 pacifique et r\u00e9siliente. Un emploi digne de ce nom ne fournit pas seulement aux individus les moyens de subvenir \u00e0 leurs besoins et \u00e0 ceux de leur famille, mais contribue \u00e9galement \u00e0 leur donner un but, une dignit\u00e9 et un bien-\u00eatre g\u00e9n\u00e9ral. Le travail d\u00e9cent garantit des salaires \u00e9quitables, des conditions de travail s\u00fbres, une protection sociale et des possibilit\u00e9s de d\u00e9veloppement personnel et professionnel, ce qui permet aux individus de s'\u00e9panouir et d'apporter une contribution positive \u00e0 leur communaut\u00e9.<\/p><p><strong>Promouvoir la paix et la stabilit\u00e9 sociale :<\/strong><\/p><p>Le ch\u00f4mage et le manque d'opportunit\u00e9s \u00e9conomiques sont souvent \u00e0 l'origine de troubles sociaux et de conflits. Le programme de Youth Empowerment Systems Foundation cherche \u00e0 r\u00e9soudre ce probl\u00e8me en cr\u00e9ant des opportunit\u00e9s d'emploi durables. En donnant aux personnes vuln\u00e9rables les moyens d'agir gr\u00e2ce \u00e0 des formations qualifiantes, \u00e0 l'esprit d'entreprise et \u00e0 des services de placement, le programme vise \u00e0 r\u00e9duire les taux de ch\u00f4mage, \u00e0 att\u00e9nuer la pauvret\u00e9 et \u00e0 favoriser la stabilit\u00e9 sociale. En offrant des voies vers l'autonomisation \u00e9conomique, la fondation contribue \u00e0 la paix et au bien-\u00eatre g\u00e9n\u00e9ral de la communaut\u00e9.<\/p><p><strong>Renforcer la r\u00e9silience et l'autonomisation :<\/strong><\/p><p>L'emploi et le travail d\u00e9cent jouent un r\u00f4le essentiel dans le renforcement de la r\u00e9silience d'une communaut\u00e9. Lorsque les individus ont acc\u00e8s \u00e0 des emplois stables et \u00e0 des conditions de travail \u00e9quitables, ils sont mieux arm\u00e9s pour r\u00e9sister aux chocs \u00e9conomiques et aux perturbations sociales. Gr\u00e2ce \u00e0 ce programme, la fondation ne se contente pas d'offrir des possibilit\u00e9s d'emploi, mais elle dote \u00e9galement les individus des comp\u00e9tences et des connaissances n\u00e9cessaires pour s'adapter \u00e0 l'\u00e9volution de la situation. En encourageant la r\u00e9silience et en donnant aux individus les moyens de surmonter les difficult\u00e9s, la fondation renforce la capacit\u00e9 globale de la communaut\u00e9 \u00e0 r\u00e9sister \u00e0 l'adversit\u00e9.<\/p><p><strong>Promouvoir la coh\u00e9sion sociale et l'inclusion :<\/strong><\/p><p>L'emploi et le travail d\u00e9cent peuvent servir de catalyseurs pour la coh\u00e9sion sociale et l'inclusion. Lorsque les individus ont un acc\u00e8s \u00e9gal aux opportunit\u00e9s d'emploi, ind\u00e9pendamment de leurs ant\u00e9c\u00e9dents ou de leur situation, cela favorise un sentiment d'\u00e9quit\u00e9, d'\u00e9galit\u00e9 et d'appartenance au sein de la communaut\u00e9. Le programme de Youth Empowerment Systems Foundation met l'accent sur l'inclusion, en veillant \u00e0 ce que les personnes vuln\u00e9rables, y compris les femmes et les jeunes, aient un acc\u00e8s \u00e9gal \u00e0 la formation professionnelle, au soutien \u00e0 l'entrepreneuriat et aux services de placement. En promouvant l'inclusion sociale, la fondation favorise l'harmonie, la compr\u00e9hension et la coop\u00e9ration entre les membres de la communaut\u00e9.<\/p><p><strong>Efforts de collaboration pour un impact durable :<\/strong><\/p><p>Le succ\u00e8s du programme \"Emploi et travail d\u00e9cent pour la paix et la r\u00e9silience\" repose sur les efforts de collaboration et les partenariats. La fondation collabore activement avec les entreprises locales, les industries et les parties prenantes concern\u00e9es afin d'identifier les opportunit\u00e9s d'emploi, de fournir une formation professionnelle adapt\u00e9e aux besoins du march\u00e9 et de faciliter les placements. En encourageant les partenariats et en impliquant les employeurs, le programme garantit la durabilit\u00e9 des opportunit\u00e9s d'emploi et l'alignement du d\u00e9veloppement des comp\u00e9tences sur les demandes du march\u00e9.<\/p><p>Le programme \"Emploi et travail d\u00e9cent pour la paix et la r\u00e9silience\" de Youth Empowerment Systems Foundation illustre le pouvoir de transformation de l'emploi dans la construction d'une soci\u00e9t\u00e9 pacifique et r\u00e9siliente. En s'attaquant au ch\u00f4mage et aux disparit\u00e9s \u00e9conomiques, le programme renforce l'autonomie des personnes vuln\u00e9rables, am\u00e9liore la coh\u00e9sion sociale et favorise la r\u00e9silience au sein de la communaut\u00e9. Gr\u00e2ce \u00e0 son engagement \u00e0 fournir des emplois significatifs et \u00e0 encourager le travail d\u00e9cent, la fondation cr\u00e9e une voie pour que les individus s'\u00e9panouissent, contribuent au bien-\u00eatre de leur communaut\u00e9 et jouent un r\u00f4le essentiel dans la construction d'une soci\u00e9t\u00e9 plus pacifique et plus r\u00e9siliente \u00e0 Bouss\u00e9, au Burkina Faso.<\/p>\t\t\t\t\t\t\t\t<\/div>\n\t\t\t\t<\/div>\n\t\t<div class=\"elementor-element elementor-element-768a6025 e-flex e-con-boxed e-con e-parent\" data-id=\"768a6025\" data-element_type=\"container\" data-settings=\"{&quot;background_background&quot;:&quot;classic&quot;}\">\n\t\t\t\t\t<div class=\"e-con-inner\">\n\t\t\t\t\t<\/div>\n\t\t\t\t<\/div>\n\t\t\t\t<div class=\"elementor-element elementor-element-5b315f33 elementor-widget elementor-widget-image\" data-id=\"5b315f33\" data-element_type=\"widget\" data-widget_type=\"image.default\">\n\t\t\t\t<div class=\"elementor-widget-container\">\n\t\t\t\t\t\t\t\t\t\t\t\t\t\t\t\t<a href=\"https:\/\/cfpc.bf\">\n\t\t\t\t\t\t\t<img loading=\"lazy\" decoding=\"async\" width=\"601\" height=\"101\" src=\"https:\/\/yes.bf\/wp-content\/uploads\/2022\/08\/cfpc-09.jpg\" class=\"attachment-large size-large wp-image-505\" alt=\"\" srcset=\"https:\/\/yes.bf\/wp-content\/uploads\/2022\/08\/cfpc-09.jpg 601w, https:\/\/yes.bf\/wp-content\/uploads\/2022\/08\/cfpc-09-300x50.jpg 300w\" sizes=\"(max-width: 601px) 100vw, 601px\" \/>\t\t\t\t\t\t\t\t<\/a>\n\t\t\t\t\t\t\t\t\t\t\t\t\t\t\t<\/div>\n\t\t\t\t<\/div>\n\t\t\t\t<div class=\"elementor-element elementor-element-28d00f7b elementor-widget elementor-widget-image\" data-id=\"28d00f7b\" data-element_type=\"widget\" data-widget_type=\"image.default\">\n\t\t\t\t<div class=\"elementor-widget-container\">\n\t\t\t\t\t\t\t\t\t\t\t\t\t\t\t\t<a href=\"https:\/\/yes.bf\/fr\/burkina-faso\/\">\n\t\t\t\t\t\t\t<img loading=\"lazy\" decoding=\"async\" width=\"601\" height=\"101\" src=\"https:\/\/yes.bf\/wp-content\/uploads\/2023\/06\/Burkina-06.png\" class=\"attachment-large size-large wp-image-333\" alt=\"\" srcset=\"https:\/\/yes.bf\/wp-content\/uploads\/2023\/06\/Burkina-06.png 601w, https:\/\/yes.bf\/wp-content\/uploads\/2023\/06\/Burkina-06-300x50.png 300w, https:\/\/yes.bf\/wp-content\/uploads\/2023\/06\/Burkina-06-18x3.png 18w\" sizes=\"(max-width: 601px) 100vw, 601px\" \/>\t\t\t\t\t\t\t\t<\/a>\n\t\t\t\t\t\t\t\t\t\t\t\t\t\t\t<\/div>\n\t\t\t\t<\/div>\n\t\t\t\t<\/div>\n\t\t\t\t\t<\/div>\n\t\t\t\t<\/div>\n\t\t\t\t<\/div>","protected":false},"excerpt":{"rendered":"<p>Since 2009690 Graduates532 Employed Discover Awesome Stories Employment and Decent<\/p>","protected":false},"author":1,"featured_media":0,"parent":0,"menu_order":0,"comment_status":"closed","ping_status":"closed","template":"","meta":{"footnotes":""},"class_list":["post-30","page","type-page","status-publish","hentry"],"_links":{"self":[{"href":"https:\/\/yes.bf\/fr\/wp-json\/wp\/v2\/pages\/30","targetHints":{"allow":["GET"]}}],"collection":[{"href":"https:\/\/yes.bf\/fr\/wp-json\/wp\/v2\/pages"}],"about":[{"href":"https:\/\/yes.bf\/fr\/wp-json\/wp\/v2\/types\/page"}],"author":[{"embeddable":true,"href":"https:\/\/yes.bf\/fr\/wp-json\/wp\/v2\/users\/1"}],"replies":[{"embeddable":true,"href":"https:\/\/yes.bf\/fr\/wp-json\/wp\/v2\/comments?post=30"}],"version-history":[{"count":10,"href":"https:\/\/yes.bf\/fr\/wp-json\/wp\/v2\/pages\/30\/revisions"}],"predecessor-version":[{"id":1033,"href":"https:\/\/yes.bf\/fr\/wp-json\/wp\/v2\/pages\/30\/revisions\/1033"}],"wp:attachment":[{"href":"https:\/\/yes.bf\/fr\/wp-json\/wp\/v2\/media?parent=30"}],"curies":[{"name":"wp","href":"https:\/\/api.w.org\/{rel}","templated":true}]}}