{"id":821,"date":"2023-05-31T21:05:33","date_gmt":"2023-05-31T21:05:33","guid":{"rendered":"https:\/\/yes.bf\/?page_id=821"},"modified":"2024-07-23T10:55:43","modified_gmt":"2024-07-23T10:55:43","slug":"our-target-beneficiaries","status":"publish","type":"page","link":"https:\/\/yes.bf\/fr\/our-target-beneficiaries\/","title":{"rendered":"Nos b\u00e9n\u00e9ficiaires cibles"},"content":{"rendered":"<div data-elementor-type=\"wp-page\" data-elementor-id=\"821\" class=\"elementor elementor-821\" data-elementor-post-type=\"page\">\n\t\t\t\t<div class=\"elementor-element elementor-element-4f0cccb9 e-flex e-con-boxed e-con e-parent\" data-id=\"4f0cccb9\" data-element_type=\"container\">\n\t\t\t\t\t<div class=\"e-con-inner\">\n\t\t<div class=\"elementor-element elementor-element-7fff66f3 e-con-full e-flex e-con e-parent\" data-id=\"7fff66f3\" data-element_type=\"container\">\n\t\t\t\t<div class=\"elementor-element elementor-element-722dc83 elementor-widget elementor-widget-image-carousel\" data-id=\"722dc83\" data-element_type=\"widget\" data-settings=\"{&quot;slides_to_show&quot;:&quot;1&quot;,&quot;navigation&quot;:&quot;none&quot;,&quot;effect&quot;:&quot;fade&quot;,&quot;autoplay&quot;:&quot;yes&quot;,&quot;pause_on_hover&quot;:&quot;yes&quot;,&quot;pause_on_interaction&quot;:&quot;yes&quot;,&quot;autoplay_speed&quot;:5000,&quot;infinite&quot;:&quot;yes&quot;,&quot;speed&quot;:500}\" data-widget_type=\"image-carousel.default\">\n\t\t\t\t<div class=\"elementor-widget-container\">\n\t\t\t\t\t\t\t<div class=\"elementor-image-carousel-wrapper swiper\" role=\"region\" aria-roledescription=\"carousel\" aria-label=\"Image Carousel\" dir=\"ltr\">\n\t\t\t<div class=\"elementor-image-carousel swiper-wrapper\" aria-live=\"off\">\n\t\t\t\t\t\t\t\t<div class=\"swiper-slide\" role=\"group\" aria-roledescription=\"slide\" aria-label=\"1 of 10\"><figure class=\"swiper-slide-inner\"><img decoding=\"async\" class=\"swiper-slide-image\" src=\"https:\/\/yes.bf\/wp-content\/uploads\/2022\/08\/Slide2-01.jpg\" alt=\"\" \/><\/figure><\/div><div class=\"swiper-slide\" role=\"group\" aria-roledescription=\"slide\" aria-label=\"2 of 10\"><figure class=\"swiper-slide-inner\"><img decoding=\"async\" class=\"swiper-slide-image\" src=\"https:\/\/yes.bf\/wp-content\/uploads\/2022\/08\/Slide3-01.jpg\" alt=\"\" \/><\/figure><\/div><div class=\"swiper-slide\" role=\"group\" aria-roledescription=\"slide\" aria-label=\"3 of 10\"><figure class=\"swiper-slide-inner\"><img decoding=\"async\" class=\"swiper-slide-image\" src=\"https:\/\/yes.bf\/wp-content\/uploads\/2022\/08\/Slide4-01.jpg\" alt=\"\" \/><\/figure><\/div><div class=\"swiper-slide\" role=\"group\" aria-roledescription=\"slide\" aria-label=\"4 of 10\"><figure class=\"swiper-slide-inner\"><img decoding=\"async\" class=\"swiper-slide-image\" src=\"https:\/\/yes.bf\/wp-content\/uploads\/2022\/08\/Slide5-01.jpg\" alt=\"\" \/><\/figure><\/div><div class=\"swiper-slide\" role=\"group\" aria-roledescription=\"slide\" aria-label=\"5 of 10\"><figure class=\"swiper-slide-inner\"><img decoding=\"async\" class=\"swiper-slide-image\" src=\"https:\/\/yes.bf\/wp-content\/uploads\/2022\/08\/Slide6-01.jpg\" alt=\"\" \/><\/figure><\/div><div class=\"swiper-slide\" role=\"group\" aria-roledescription=\"slide\" aria-label=\"6 of 10\"><figure class=\"swiper-slide-inner\"><img decoding=\"async\" class=\"swiper-slide-image\" src=\"https:\/\/yes.bf\/wp-content\/uploads\/2022\/08\/Slide7-01.jpg\" alt=\"\" \/><\/figure><\/div><div class=\"swiper-slide\" role=\"group\" aria-roledescription=\"slide\" aria-label=\"7 of 10\"><figure class=\"swiper-slide-inner\"><img decoding=\"async\" class=\"swiper-slide-image\" src=\"https:\/\/yes.bf\/wp-content\/uploads\/2022\/08\/Slide8-01.jpg\" alt=\"\" \/><\/figure><\/div><div class=\"swiper-slide\" role=\"group\" aria-roledescription=\"slide\" aria-label=\"8 of 10\"><figure class=\"swiper-slide-inner\"><img decoding=\"async\" class=\"swiper-slide-image\" src=\"https:\/\/yes.bf\/wp-content\/uploads\/2022\/08\/Slide9-01.jpg\" alt=\"\" \/><\/figure><\/div><div class=\"swiper-slide\" role=\"group\" aria-roledescription=\"slide\" aria-label=\"9 of 10\"><figure class=\"swiper-slide-inner\"><img decoding=\"async\" class=\"swiper-slide-image\" src=\"https:\/\/yes.bf\/wp-content\/uploads\/2022\/08\/Slide10-01.jpg\" alt=\"\" \/><\/figure><\/div><div class=\"swiper-slide\" role=\"group\" aria-roledescription=\"slide\" aria-label=\"10 of 10\"><figure class=\"swiper-slide-inner\"><img decoding=\"async\" class=\"swiper-slide-image\" src=\"https:\/\/yes.bf\/wp-content\/uploads\/2022\/08\/Slide11-01.jpg\" alt=\"\" \/><\/figure><\/div>\t\t\t<\/div>\n\t\t\t\t\t\t\t\n\t\t\t\t\t\t\t\t\t<\/div>\n\t\t\t\t\t\t<\/div>\n\t\t\t\t<\/div>\n\t\t<div class=\"elementor-element elementor-element-560f213d e-grid e-con-boxed e-con e-parent\" data-id=\"560f213d\" data-element_type=\"container\">\n\t\t\t\t\t<div class=\"e-con-inner\">\n\t\t\t\t<div class=\"elementor-element elementor-element-22cd1523 elementor--h-position-center elementor--v-position-middle elementor-widget elementor-widget-slides\" data-id=\"22cd1523\" data-element_type=\"widget\" data-settings=\"{&quot;navigation&quot;:&quot;none&quot;,&quot;autoplay&quot;:&quot;yes&quot;,&quot;pause_on_hover&quot;:&quot;yes&quot;,&quot;pause_on_interaction&quot;:&quot;yes&quot;,&quot;autoplay_speed&quot;:5000,&quot;infinite&quot;:&quot;yes&quot;,&quot;transition&quot;:&quot;slide&quot;,&quot;transition_speed&quot;:500}\" data-widget_type=\"slides.default\">\n\t\t\t\t<div class=\"elementor-widget-container\">\n\t\t\t\t\t\t\t\t\t<div class=\"elementor-swiper\">\n\t\t\t\t\t<div class=\"elementor-slides-wrapper elementor-main-swiper swiper\" role=\"region\" aria-roledescription=\"carousel\" aria-label=\"Slides\" dir=\"ltr\" data-animation=\"fadeInUp\">\n\t\t\t\t<div class=\"swiper-wrapper elementor-slides\">\n\t\t\t\t\t\t\t\t\t\t<div class=\"elementor-repeater-item-5ef040d swiper-slide\" role=\"group\" aria-roledescription=\"slide\"><div class=\"swiper-slide-bg\" role=\"img\"><\/div><div class=\"swiper-slide-inner\" ><div class=\"swiper-slide-contents\"><div class=\"elementor-slide-heading\">Depuis 2009<\/div><\/div><\/div><\/div><div class=\"elementor-repeater-item-002f04e swiper-slide\" role=\"group\" aria-roledescription=\"slide\"><div class=\"swiper-slide-bg\" role=\"img\"><\/div><div class=\"swiper-slide-inner\" ><div class=\"swiper-slide-contents\"><div class=\"elementor-slide-heading\">690 Diplom\u00e9s<\/div><\/div><\/div><\/div><div class=\"elementor-repeater-item-4a5b182 swiper-slide\" role=\"group\" aria-roledescription=\"slide\"><div class=\"swiper-slide-bg\" role=\"img\"><\/div><div class=\"swiper-slide-inner\" ><div class=\"swiper-slide-contents\"><div class=\"elementor-slide-heading\">532 Employ\u00e9s<\/div><\/div><\/div><\/div>\t\t\t\t<\/div>\n\t\t\t\t\t\t\t\t\t\t\t\t\t\t\t\t\t\t\t\t\t<\/div>\n\t\t\t\t<\/div>\n\t\t\t\t\t\t\t\t<\/div>\n\t\t\t\t<\/div>\n\t\t\t\t<div class=\"elementor-element elementor-element-1358cfe1 elementor-widget elementor-widget-image\" data-id=\"1358cfe1\" data-element_type=\"widget\" data-widget_type=\"image.default\">\n\t\t\t\t<div class=\"elementor-widget-container\">\n\t\t\t\t\t\t\t\t\t\t\t\t\t\t\t<img decoding=\"async\" width=\"319\" height=\"126\" src=\"https:\/\/yes.bf\/wp-content\/uploads\/2023\/06\/Former-04.png\" class=\"attachment-large size-large wp-image-312\" alt=\"\" srcset=\"https:\/\/yes.bf\/wp-content\/uploads\/2023\/06\/Former-04.png 319w, https:\/\/yes.bf\/wp-content\/uploads\/2023\/06\/Former-04-300x118.png 300w, https:\/\/yes.bf\/wp-content\/uploads\/2023\/06\/Former-04-18x7.png 18w\" sizes=\"(max-width: 319px) 100vw, 319px\" \/>\t\t\t\t\t\t\t\t\t\t\t\t\t\t\t<\/div>\n\t\t\t\t<\/div>\n\t\t\t\t\t<\/div>\n\t\t\t\t<\/div>\n\t\t<div class=\"elementor-element elementor-element-252de5ec e-flex e-con-boxed e-con e-parent\" data-id=\"252de5ec\" data-element_type=\"container\">\n\t\t\t\t\t<div class=\"e-con-inner\">\n\t\t\t\t<div class=\"elementor-element elementor-element-71f1a58a elementor-widget elementor-widget-heading\" data-id=\"71f1a58a\" data-element_type=\"widget\" data-widget_type=\"heading.default\">\n\t\t\t\t<div class=\"elementor-widget-container\">\n\t\t\t\t\t<h2 class=\"elementor-heading-title elementor-size-default\">Laissez-vous Inspirer<\/h2>\t\t\t\t<\/div>\n\t\t\t\t<\/div>\n\t\t\t\t<div class=\"elementor-element elementor-element-5471c1eb elementor-grid-2 elementor-grid-tablet-2 elementor-grid-mobile-1 elementor-posts--thumbnail-top elementor-card-shadow-yes elementor-posts__hover-gradient elementor-widget elementor-widget-posts\" data-id=\"5471c1eb\" data-element_type=\"widget\" data-settings=\"{&quot;cards_columns&quot;:&quot;2&quot;,&quot;pagination_type&quot;:&quot;numbers&quot;,&quot;cards_columns_tablet&quot;:&quot;2&quot;,&quot;cards_columns_mobile&quot;:&quot;1&quot;,&quot;cards_row_gap&quot;:{&quot;unit&quot;:&quot;px&quot;,&quot;size&quot;:35,&quot;sizes&quot;:[]},&quot;cards_row_gap_tablet&quot;:{&quot;unit&quot;:&quot;px&quot;,&quot;size&quot;:&quot;&quot;,&quot;sizes&quot;:[]},&quot;cards_row_gap_mobile&quot;:{&quot;unit&quot;:&quot;px&quot;,&quot;size&quot;:&quot;&quot;,&quot;sizes&quot;:[]}}\" data-widget_type=\"posts.cards\">\n\t\t\t\t<div class=\"elementor-widget-container\">\n\t\t\t\t\t\t\t<div class=\"elementor-posts-container elementor-posts elementor-posts--skin-cards elementor-grid\" role=\"list\">\n\t\t\t\t<article class=\"elementor-post elementor-grid-item post-1164 post type-post status-publish format-standard has-post-thumbnail hentry category-skills-development\" role=\"listitem\">\n\t\t\t<div class=\"elementor-post__card\">\n\t\t\t\t<a class=\"elementor-post__thumbnail__link\" href=\"https:\/\/yes.bf\/fr\/cfpc-shines-again-in-cqp-exams-with-100-success-rate\/\" tabindex=\"-1\" ><div class=\"elementor-post__thumbnail\"><img fetchpriority=\"high\" decoding=\"async\" width=\"300\" height=\"200\" src=\"https:\/\/yes.bf\/wp-content\/uploads\/2024\/06\/Folio2-01-300x200.jpg\" class=\"attachment-medium size-medium wp-image-1162\" alt=\"\" srcset=\"https:\/\/yes.bf\/wp-content\/uploads\/2024\/06\/Folio2-01-300x200.jpg 300w, https:\/\/yes.bf\/wp-content\/uploads\/2024\/06\/Folio2-01-1024x683.jpg 1024w, https:\/\/yes.bf\/wp-content\/uploads\/2024\/06\/Folio2-01-768x512.jpg 768w, https:\/\/yes.bf\/wp-content\/uploads\/2024\/06\/Folio2-01-18x12.jpg 18w, https:\/\/yes.bf\/wp-content\/uploads\/2024\/06\/Folio2-01.jpg 1080w\" sizes=\"(max-width: 300px) 100vw, 300px\" \/><\/div><\/a>\n\t\t\t\t<div class=\"elementor-post__text\">\n\t\t\t\t<h3 class=\"elementor-post__title\">\n\t\t\t<a href=\"https:\/\/yes.bf\/fr\/cfpc-shines-again-in-cqp-exams-with-100-success-rate\/\" >\n\t\t\t\tLe CFPC Brille Encore  aux Examens du CQP avec un Taux de R\u00e9ussite de 100%\t\t\t<\/a>\n\t\t<\/h3>\n\t\t\n\t\t<a class=\"elementor-post__read-more\" href=\"https:\/\/yes.bf\/fr\/cfpc-shines-again-in-cqp-exams-with-100-success-rate\/\" aria-label=\"En savoir plus sur CFPC Shines Again in CQP Exams with 100% Success Rate\" tabindex=\"-1\" >\n\t\t\tRead the awesome story \u00bb\t\t<\/a>\n\n\t\t\t\t<\/div>\n\t\t\t\t<div class=\"elementor-post__meta-data\">\n\t\t\t\t\t<span class=\"elementor-post-date\">\n\t\t\t25 Juin, 2024\t\t<\/span>\n\t\t\t\t<\/div>\n\t\t\t\t\t<\/div>\n\t\t<\/article>\n\t\t\t\t<article class=\"elementor-post elementor-grid-item post-1140 post type-post status-publish format-standard has-post-thumbnail hentry category-skills-development\" role=\"listitem\">\n\t\t\t<div class=\"elementor-post__card\">\n\t\t\t\t<a class=\"elementor-post__thumbnail__link\" href=\"https:\/\/yes.bf\/fr\/cfpc-and-students-volunteer-to-repair-nabrabogos-csps-amid-rainy-season-challenges\/\" tabindex=\"-1\" ><div class=\"elementor-post__thumbnail\"><img decoding=\"async\" width=\"300\" height=\"200\" src=\"https:\/\/yes.bf\/wp-content\/uploads\/2023\/07\/FBFolio-06-300x200.jpg\" class=\"attachment-medium size-medium wp-image-1146\" alt=\"\" srcset=\"https:\/\/yes.bf\/wp-content\/uploads\/2023\/07\/FBFolio-06-300x200.jpg 300w, https:\/\/yes.bf\/wp-content\/uploads\/2023\/07\/FBFolio-06-1024x683.jpg 1024w, https:\/\/yes.bf\/wp-content\/uploads\/2023\/07\/FBFolio-06-768x512.jpg 768w, https:\/\/yes.bf\/wp-content\/uploads\/2023\/07\/FBFolio-06-18x12.jpg 18w, https:\/\/yes.bf\/wp-content\/uploads\/2023\/07\/FBFolio-06.jpg 1080w\" sizes=\"(max-width: 300px) 100vw, 300px\" \/><\/div><\/a>\n\t\t\t\t<div class=\"elementor-post__text\">\n\t\t\t\t<h3 class=\"elementor-post__title\">\n\t\t\t<a href=\"https:\/\/yes.bf\/fr\/cfpc-and-students-volunteer-to-repair-nabrabogos-csps-amid-rainy-season-challenges\/\" >\n\t\t\t\tCFPC and Students Volunteer to Repair Nabrabogo&#8217;s CSPS Amid Rainy Season Challenges\t\t\t<\/a>\n\t\t<\/h3>\n\t\t\n\t\t<a class=\"elementor-post__read-more\" href=\"https:\/\/yes.bf\/fr\/cfpc-and-students-volunteer-to-repair-nabrabogos-csps-amid-rainy-season-challenges\/\" aria-label=\"En savoir plus sur CFPC and Students Volunteer to Repair Nabrabogo&#8217;s CSPS Amid Rainy Season Challenges\" tabindex=\"-1\" >\n\t\t\tRead the awesome story \u00bb\t\t<\/a>\n\n\t\t\t\t<\/div>\n\t\t\t\t<div class=\"elementor-post__meta-data\">\n\t\t\t\t\t<span class=\"elementor-post-date\">\n\t\t\t13 Juil, 2023\t\t<\/span>\n\t\t\t\t<\/div>\n\t\t\t\t\t<\/div>\n\t\t<\/article>\n\t\t\t\t<\/div>\n\t\t\n\t\t\t\t<div class=\"e-load-more-anchor\" data-page=\"1\" data-max-page=\"3\" data-next-page=\"https:\/\/yes.bf\/fr\/wp-json\/wp\/v2\/pages\/821\/page\/2\/\"><\/div>\n\t\t\t\t<nav class=\"elementor-pagination\" aria-label=\"Pagination\">\n\t\t\t<span aria-current=\"page\" class=\"page-numbers current\"><span class=\"elementor-screen-only\">Page<\/span>1<\/span>\n<a class=\"page-numbers\" href=\"https:\/\/yes.bf\/fr\/wp-json\/wp\/v2\/pages\/821\/page\/2\/\"><span class=\"elementor-screen-only\">Page<\/span>2<\/a>\n<a class=\"page-numbers\" href=\"https:\/\/yes.bf\/fr\/wp-json\/wp\/v2\/pages\/821\/page\/3\/\"><span class=\"elementor-screen-only\">Page<\/span>3<\/a>\t\t<\/nav>\n\t\t\t\t\t\t<\/div>\n\t\t\t\t<\/div>\n\t\t\t\t\t<\/div>\n\t\t\t\t<\/div>\n\t\t\t\t<\/div>\n\t\t<div class=\"elementor-element elementor-element-558fe4bb e-con-full e-flex e-con e-parent\" data-id=\"558fe4bb\" data-element_type=\"container\">\n\t\t\t\t<div class=\"elementor-element elementor-element-58511edb elementor-widget elementor-widget-heading\" data-id=\"58511edb\" data-element_type=\"widget\" data-widget_type=\"heading.default\">\n\t\t\t\t<div class=\"elementor-widget-container\">\n\t\t\t\t\t<h2 class=\"elementor-heading-title elementor-size-default\">Nos b\u00e9n\u00e9ficiaires cibles<\/h2>\t\t\t\t<\/div>\n\t\t\t\t<\/div>\n\t\t<div class=\"elementor-element elementor-element-5121a128 e-flex e-con-boxed e-con e-parent\" data-id=\"5121a128\" data-element_type=\"container\" data-settings=\"{&quot;background_background&quot;:&quot;classic&quot;}\">\n\t\t\t\t\t<div class=\"e-con-inner\">\n\t\t\t\t\t<\/div>\n\t\t\t\t<\/div>\n\t\t\t\t<div class=\"elementor-element elementor-element-1de3b12f elementor-widget elementor-widget-text-editor\" data-id=\"1de3b12f\" data-element_type=\"widget\" data-widget_type=\"text-editor.default\">\n\t\t\t\t<div class=\"elementor-widget-container\">\n\t\t\t\t\t\t\t\t\t<p>Les programmes de Youth Empowerment Systems sont sp\u00e9cifiquement con\u00e7us pour les jeunes et les femmes vuln\u00e9rables de Bouss\u00e9, au Burkina Faso. Nous nous concentrons sur les personnes qui, en raison de la pauvret\u00e9 et des ressources limit\u00e9es, sont confront\u00e9es \u00e0 des difficult\u00e9s consid\u00e9rables pour acc\u00e9der \u00e0 l'\u00e9ducation, \u00e0 la formation professionnelle et aux opportunit\u00e9s \u00e9conomiques.<\/p><p><strong>Nos principaux b\u00e9n\u00e9ficiaires cibles sont les suivants:<\/strong><\/p><ol><li><p><strong>Les d\u00e9crocheurs scolaires :<\/strong> Notre objectif est de soutenir les jeunes qui ont d\u00fb abandonner l'\u00e9cole en raison de contraintes financi\u00e8res ou d'autres circonstances ind\u00e9pendantes de leur volont\u00e9. En leur offrant une formation professionnelle et des comp\u00e9tences entrepreneuriales, nous leur offrons une voie alternative vers un emploi r\u00e9mun\u00e9r\u00e9 et un avenir plus radieux.<\/p><\/li><li><p><strong>Les jeunes non scolaris\u00e9s:<\/strong> Nous reconnaissons que de nombreux jeunes de notre communaut\u00e9 n'ont pas eu la possibilit\u00e9 d'aller \u00e0 l'\u00e9cole. Nos programmes r\u00e9pondent \u00e0 leurs besoins sp\u00e9cifiques, en leur offrant la possibilit\u00e9 d'acqu\u00e9rir des comp\u00e9tences et des connaissances pratiques qui peuvent les rendre autonomes sur le plan \u00e9conomique et social.<\/p><\/li><li><p><strong>Les femmes dans les m\u00e9tiers \u00e0 pr\u00e9dominance masculine :<\/strong> Nous nous engageons \u00e0 promouvoir l'\u00e9galit\u00e9 des sexes et \u00e0 faire tomber les barri\u00e8res pour les femmes. Nous encourageons et soutenons activement les femmes \u00e0 suivre une formation professionnelle dans des m\u00e9tiers traditionnellement domin\u00e9s par les hommes, tels que la menuiserie, la plomberie et l'\u00e9lectricit\u00e9. En donnant aux femmes les moyens d'acqu\u00e9rir ces comp\u00e9tences, nous nous effor\u00e7ons de cr\u00e9er une soci\u00e9t\u00e9 plus inclusive et plus \u00e9quitable.<\/p><\/li><li><p><strong>Communaut\u00e9s marginalis\u00e9es :<\/strong> We extend our reach to marginalized communities, including those affected by poverty, disabilities, social exclusion, and limited access to resources. By offering vocational training, income-generating activities, and recognition of prior learning, we aim to uplift individuals from these communities and provide them with the tools to improve their livelihoods.<\/p><\/li><li><p><strong>Les jeunes \u00e0 risque :<\/strong> Nous ciblons \u00e9galement les jeunes \u00e0 risque qui peuvent \u00eatre vuln\u00e9rables \u00e0 la traite des \u00eatres humains, aux migrations irr\u00e9guli\u00e8res et \u00e0 la radicalisation violente. Gr\u00e2ce \u00e0 nos programmes, nous leur offrons une voie alternative et les dotons de comp\u00e9tences qui les rendent moins vuln\u00e9rables \u00e0 ces menaces. Nous leur donnons la possibilit\u00e9 d'acqu\u00e9rir un sentiment d'utilit\u00e9, de dignit\u00e9 et d'espoir en un avenir meilleur.<\/p><\/li><\/ol><p>En ciblant sp\u00e9cifiquement ces groupes de b\u00e9n\u00e9ficiaires, nous visons \u00e0 relever les d\u00e9fis uniques auxquels ils sont confront\u00e9s et \u00e0 leur donner les moyens de surmonter les obstacles, d'atteindre l'autosuffisance et de contribuer activement au d\u00e9veloppement du Burkina Faso.<\/p>\t\t\t\t\t\t\t\t<\/div>\n\t\t\t\t<\/div>\n\t\t<div class=\"elementor-element elementor-element-19dc9f7d e-flex e-con-boxed e-con e-parent\" data-id=\"19dc9f7d\" data-element_type=\"container\" data-settings=\"{&quot;background_background&quot;:&quot;classic&quot;}\">\n\t\t\t\t\t<div class=\"e-con-inner\">\n\t\t\t\t\t<\/div>\n\t\t\t\t<\/div>\n\t\t\t\t<div class=\"elementor-element elementor-element-36b74f01 elementor-widget elementor-widget-image\" data-id=\"36b74f01\" data-element_type=\"widget\" data-widget_type=\"image.default\">\n\t\t\t\t<div class=\"elementor-widget-container\">\n\t\t\t\t\t\t\t\t\t\t\t\t\t\t\t\t<a href=\"https:\/\/cfpc.bf\">\n\t\t\t\t\t\t\t<img loading=\"lazy\" decoding=\"async\" width=\"601\" height=\"101\" src=\"https:\/\/yes.bf\/wp-content\/uploads\/2022\/08\/cfpc-09.jpg\" class=\"attachment-large size-large wp-image-505\" alt=\"\" srcset=\"https:\/\/yes.bf\/wp-content\/uploads\/2022\/08\/cfpc-09.jpg 601w, https:\/\/yes.bf\/wp-content\/uploads\/2022\/08\/cfpc-09-300x50.jpg 300w\" sizes=\"(max-width: 601px) 100vw, 601px\" \/>\t\t\t\t\t\t\t\t<\/a>\n\t\t\t\t\t\t\t\t\t\t\t\t\t\t\t<\/div>\n\t\t\t\t<\/div>\n\t\t\t\t<div class=\"elementor-element elementor-element-367d01ab elementor-widget elementor-widget-image\" data-id=\"367d01ab\" data-element_type=\"widget\" data-widget_type=\"image.default\">\n\t\t\t\t<div class=\"elementor-widget-container\">\n\t\t\t\t\t\t\t\t\t\t\t\t\t\t\t\t<a href=\"https:\/\/yes.bf\/fr\/burkina-faso\/\">\n\t\t\t\t\t\t\t<img loading=\"lazy\" decoding=\"async\" width=\"601\" height=\"101\" src=\"https:\/\/yes.bf\/wp-content\/uploads\/2023\/06\/Burkina-06.png\" class=\"attachment-large size-large wp-image-333\" alt=\"\" srcset=\"https:\/\/yes.bf\/wp-content\/uploads\/2023\/06\/Burkina-06.png 601w, https:\/\/yes.bf\/wp-content\/uploads\/2023\/06\/Burkina-06-300x50.png 300w, https:\/\/yes.bf\/wp-content\/uploads\/2023\/06\/Burkina-06-18x3.png 18w\" sizes=\"(max-width: 601px) 100vw, 601px\" \/>\t\t\t\t\t\t\t\t<\/a>\n\t\t\t\t\t\t\t\t\t\t\t\t\t\t\t<\/div>\n\t\t\t\t<\/div>\n\t\t\t\t<\/div>\n\t\t\t\t\t<\/div>\n\t\t\t\t<\/div>\n\t\t\t\t<\/div>","protected":false},"excerpt":{"rendered":"<p>Since 2009690 Graduates532 Employed Discover Awesome Stories Our Target Beneficiaries<\/p>","protected":false},"author":1,"featured_media":0,"parent":0,"menu_order":0,"comment_status":"closed","ping_status":"closed","template":"","meta":{"footnotes":""},"class_list":["post-821","page","type-page","status-publish","hentry"],"_links":{"self":[{"href":"https:\/\/yes.bf\/fr\/wp-json\/wp\/v2\/pages\/821","targetHints":{"allow":["GET"]}}],"collection":[{"href":"https:\/\/yes.bf\/fr\/wp-json\/wp\/v2\/pages"}],"about":[{"href":"https:\/\/yes.bf\/fr\/wp-json\/wp\/v2\/types\/page"}],"author":[{"embeddable":true,"href":"https:\/\/yes.bf\/fr\/wp-json\/wp\/v2\/users\/1"}],"replies":[{"embeddable":true,"href":"https:\/\/yes.bf\/fr\/wp-json\/wp\/v2\/comments?post=821"}],"version-history":[{"count":13,"href":"https:\/\/yes.bf\/fr\/wp-json\/wp\/v2\/pages\/821\/revisions"}],"predecessor-version":[{"id":1175,"href":"https:\/\/yes.bf\/fr\/wp-json\/wp\/v2\/pages\/821\/revisions\/1175"}],"wp:attachment":[{"href":"https:\/\/yes.bf\/fr\/wp-json\/wp\/v2\/media?parent=821"}],"curies":[{"name":"wp","href":"https:\/\/api.w.org\/{rel}","templated":true}]}}